{"id":1808,"date":"2024-05-27T13:06:25","date_gmt":"2024-05-27T12:06:25","guid":{"rendered":"https:\/\/d4s-store.com\/datenschutz-cookies\/"},"modified":"2024-09-20T13:59:05","modified_gmt":"2024-09-20T12:59:05","slug":"datenschutz-cookies","status":"publish","type":"page","link":"https:\/\/d4s-store.com\/de\/datenschutz-cookies\/","title":{"rendered":"Datenschutz &amp; Cookies"},"content":{"rendered":"<p>[et_pb_section fb_built=&#8221;1&#8243; _builder_version=&#8221;4.16&#8243; custom_padding=&#8221;||12px|||&#8221; global_colors_info=&#8221;{}&#8221;][et_pb_row _builder_version=&#8221;4.16&#8243; background_size=&#8221;initial&#8221; background_position=&#8221;top_left&#8221; background_repeat=&#8221;repeat&#8221; global_colors_info=&#8221;{}&#8221;][et_pb_column type=&#8221;4_4&#8243; _builder_version=&#8221;4.16&#8243; custom_padding=&#8221;|||&#8221; global_colors_info=&#8221;{}&#8221; custom_padding__hover=&#8221;|||&#8221;][et_pb_text _builder_version=&#8221;4.27.0&#8243; _module_preset=&#8221;default&#8221; hover_enabled=&#8221;0&#8243; global_colors_info=&#8221;{}&#8221; sticky_enabled=&#8221;0&#8243;]<\/p>\n<p><strong>Datenschutz- und Cookie-Richtlinie<\/strong><br \/>Die Datenschutzrichtlinie beschreibt die Regeln f\u00fcr die Verarbeitung von Informationen \u00fcber Sie, einschlie\u00dflich personenbezogener Daten und Cookies, d.h. so genannter Cookies.<\/p>\n<p><strong>1. Allgemeine Informationen<\/strong><br \/>Diese Richtlinie gilt f\u00fcr die Website, die unter der URL: <strong>d4s-store.com<\/strong> betrieben wird.<br \/>Der Betreiber des Dienstes und der Verwalter der pers\u00f6nlichen Daten ist:  <strong>D4S Sp.<br \/>\nz o.o., Ul.<br \/>\n\u0141ubinowa 20\/8, 55-080 Smolec  <\/strong>.<br \/>Die Kontakt-E-Mail-Adresse des Betreibers: <strong><a rel=\"noopener\">info@d4s-store.com<\/a><\/strong>.<br \/>Der Betreiber ist der Verwalter Ihrer pers\u00f6nlichen Daten in Bezug auf die Daten, die Sie im Rahmen des Dienstes freiwillig zur Verf\u00fcgung stellen.<br \/>Der Dienst verwendet personenbezogene Daten f\u00fcr die folgenden Zwecke:<\/p>\n<ul>\n<li>Einen Newsletter erstellen<\/li>\n<li>Betrieb eines Kommentarsystems<\/li>\n<li>F\u00fchren von Online-Chat-Gespr\u00e4chen<\/li>\n<li>Bearbeitung von Anfragen \u00fcber das Formular<\/li>\n<li>Vorbereiten, Verpacken, Versenden von Waren<\/li>\n<li>Erbringung der bestellten Dienstleistungen<\/li>\n<li>Pr\u00e4sentation eines Angebots oder von Informationen<br \/>Der Dienst sammelt auf folgende Weise Informationen \u00fcber Benutzer und deren Verhalten:<\/li>\n<li>Durch freiwillig eingegebene Daten in Formularen, die in die Systeme des Betreibers eingegeben werden.<\/li>\n<li>Durch das Speichern von Cookies auf den Ger\u00e4ten des Nutzers (sogenannte &#8220;Cookies&#8221;).<\/li>\n<\/ul>\n<p><strong>2. Ausgew\u00e4hlte Datenschutzmethoden des Betreibers<\/strong><\/p>\n<ul>\n<li>Die Eingabestellen f\u00fcr Login und pers\u00f6nliche Daten sind auf der \u00dcbertragungsebene gesch\u00fctzt (SSL-Zertifikat).<br \/>\nDadurch werden die auf der Website eingegebenen pers\u00f6nlichen Daten und Anmeldedaten auf dem Computer des Benutzers verschl\u00fcsselt und k\u00f6nnen nur auf dem Zielserver gelesen werden. <\/li>\n<li>Die in der Datenbank gespeicherten pers\u00f6nlichen Daten werden so verschl\u00fcsselt, dass nur der Betreiber, der den Schl\u00fcssel hat, sie lesen kann.<br \/>\nDies gew\u00e4hrleistet, dass die Daten gesch\u00fctzt sind, falls die Datenbank vom Server gestohlen wird. <\/li>\n<li>Um die Daten zu sch\u00fctzen, erstellt der Betreiber regelm\u00e4\u00dfig Backups.<\/li>\n<\/ul>\n<p><strong>3. Hosting<\/strong><br \/>Der Dienst wird auf den Servern des Betreibers gehostet (technisch gewartet): <strong>lh.pl<\/strong>.<br \/>Das Hosting-Unternehmen f\u00fchrt auf Serverebene Protokolle, um die technische Zuverl\u00e4ssigkeit zu gew\u00e4hrleisten.<br \/>\nDie Protokolle k\u00f6nnen Folgendes enthalten: <\/p>\n<ul>\n<li>Durch URL-Kennung angegebene Ressourcen (Adressen der angeforderten Ressourcen &#8211; Seiten, Dateien)<\/li>\n<li>Zeitpunkt des Eingangs der Anfrage<\/li>\n<li>Zeitpunkt der Absendung der Antwort<\/li>\n<li>Name der Client-Station &#8211; Identifizierung durch das HTTP-Protokoll<\/li>\n<li>Informationen \u00fcber Fehler, die w\u00e4hrend der Ausf\u00fchrung von HTTP-Transaktionen aufgetreten sind<\/li>\n<li>URL-Adresse der Seite, die der Benutzer zuvor besucht hat (Referer-Link) &#8211; wenn der \u00dcbergang zum Dienst \u00fcber einen Link erfolgt ist<\/li>\n<li>Informationen \u00fcber den Browser des Benutzers<\/li>\n<li>Informationen \u00fcber die IP-Adresse<\/li>\n<li>Diagnostische Informationen im Zusammenhang mit dem Prozess der Selbstbestellung von Dienstleistungen \u00fcber die Rekorder auf der Website<\/li>\n<li>Informationen \u00fcber den Umgang mit E-Mails, die an den Betreiber und von ihm gesendet werden.<\/li>\n<\/ul>\n<p><strong>4. Ihre Rechte und zus\u00e4tzliche Informationen zur Datennutzung<\/strong><br \/>In einigen Situationen hat der Verwalter das Recht, Ihre personenbezogenen Daten an andere Empf\u00e4nger zu \u00fcbermitteln, wenn dies zur Erf\u00fcllung des mit Ihnen geschlossenen Vertrags oder zur Erf\u00fcllung der dem Verwalter auferlegten Verpflichtungen erforderlich ist.<br \/>\nDies gilt f\u00fcr die folgenden Gruppen von Empf\u00e4ngern: <\/p>\n<ul>\n<li>Kuriere<\/li>\n<li>Postbetreiber<\/li>\n<li>Zahlungsanbieter<\/li>\n<li>Autorisierte Mitarbeiter und Partner, die die Daten zur Erf\u00fcllung des Zwecks des Betriebs der Website verwenden<\/li>\n<li>Unternehmen, die dem Administrator Marketingdienstleistungen anbieten<br \/>Ihre vom Administrator verarbeiteten personenbezogenen Daten werden nicht l\u00e4nger verarbeitet, als es f\u00fcr die Durchf\u00fchrung der damit verbundenen Aktivit\u00e4ten erforderlich ist, die in gesonderten Vorschriften (z.B. Buchhaltungsvorschriften) festgelegt sind.<br \/>\nIm Falle von Marketingdaten werden die Daten nicht l\u00e4nger als 3 Jahre verarbeitet.<br \/>Sie haben das Recht, vom Administrator zu verlangen: <\/li>\n<li>Zugang zu Ihren pers\u00f6nlichen Daten<\/li>\n<li>Ihre Korrektur<\/li>\n<li>Ihre L\u00f6schung<\/li>\n<li>Einschr\u00e4nkung der Verarbeitung<\/li>\n<li>Daten\u00fcbertragbarkeit<br \/>Sie haben das Recht, gegen die unter Punkt 3.2 beschriebene Verarbeitung personenbezogener Daten zur Wahrung der berechtigten Interessen des Verwalters, einschlie\u00dflich des Profilings, Widerspruch einzulegen. Der Widerspruch kann jedoch nicht ausge\u00fcbt werden, wenn es rechtlich gerechtfertigte Gr\u00fcnde f\u00fcr die Verarbeitung gibt, die Ihre Interessen, Rechte und Freiheiten \u00fcberwiegen, insbesondere die Feststellung, Verfolgung oder Verteidigung von Anspr\u00fcchen.<br \/>Handlungen des Verwalters unterliegen einer Beschwerde beim Pr\u00e4sidenten des Amts f\u00fcr den Schutz personenbezogener Daten,  <strong>ul.<br \/>\nStawki 2, 00-193 Warschau <\/strong>.<br \/>Die Bereitstellung personenbezogener Daten ist freiwillig, aber f\u00fcr den Betrieb des Dienstes erforderlich.<br \/>In Bezug auf Sie k\u00f6nnen Ma\u00dfnahmen ergriffen werden, die eine automatisierte Entscheidungsfindung, einschlie\u00dflich Profiling, beinhalten, um Dienstleistungen im Rahmen des abgeschlossenen Vertrags und f\u00fcr das Direktmarketing durch den Administrator zu erbringen.<br \/>Personenbezogene Daten werden im Sinne der Vorschriften zum Schutz personenbezogener Daten in Drittl\u00e4nder \u00fcbermittelt.<br \/>\nDas bedeutet, dass wir sie au\u00dferhalb der Europ\u00e4ischen Union \u00fcbermitteln. <\/li>\n<\/ul>\n<p><strong>5. Informationen in Formularen<\/strong><br \/>Der Dienst sammelt Informationen, die der Benutzer freiwillig angibt, einschlie\u00dflich personenbezogener Daten, sofern diese angegeben werden.<br \/>Der Dienst kann Informationen \u00fcber die Verbindungsparameter (Zeit, IP-Adresse) speichern.<br \/>In einigen F\u00e4llen kann der Dienst Informationen speichern, die dazu beitragen, die Daten im Formular mit der E-Mail-Adresse des Benutzers, der das Formular ausf\u00fcllt, zu verkn\u00fcpfen.<br \/>\nIn einem solchen Fall erscheint die E-Mail-Adresse des Benutzers in der URL der Seite, die das Formular enth\u00e4lt.<br \/>Die im Formular angegebenen Daten werden zu dem Zweck verarbeitet, der sich aus der Funktion eines bestimmten Formulars ergibt, z.B. zur Bearbeitung einer Serviceanfrage oder eines Gesch\u00e4ftskontakts, einer Serviceregistrierung, usw.<br \/>\nAus dem Kontext und der Beschreibung des Formulars geht jedes Mal klar hervor, wof\u00fcr es verwendet wird.  <\/p>\n<p><strong>6. Administratorprotokolle<\/strong><br \/>Informationen zum Benutzerverhalten auf der Website k\u00f6nnen protokolliert werden.<br \/>\nDiese Daten werden f\u00fcr die Verwaltung der Website verwendet. <\/p>\n<p><strong>7. Wichtige Marketing-Techniken<\/strong><\/p>\n<ul>\n<li>Der Betreiber nutzt die statistische Verkehrsanalyse auf der Website durch <strong>Google Analytics<\/strong> (Google Inc. mit Sitz in den USA).<br \/>\nDer Betreiber \u00fcbertr\u00e4gt keine pers\u00f6nlichen Daten an den Betreiber dieses Dienstes, sondern nur anonymisierte Informationen.<br \/>\nDer Dienst basiert auf der Verwendung von Cookies auf dem Endger\u00e4t des Nutzers.<br \/>\nWas die vom Google-Werbenetzwerk gesammelten Benutzereinstellungen betrifft, so kann der Benutzer die aus den Cookies resultierenden Informationen mit Hilfe des Tools einsehen und bearbeiten: <strong><a rel=\"noopener\" target=\"_new\" href=\"https:\/\/www.google.com\/ads\/preferences\/\">https:\/\/www.google.com\/ads\/preferences\/<\/a><\/strong>.   <\/li>\n<li>Der Betreiber verwendet Remarketing-Techniken, die es erm\u00f6glichen, Werbebotschaften an das Verhalten des Nutzers auf der Website anzupassen, was den Anschein erwecken kann, dass die pers\u00f6nlichen Daten des Nutzers f\u00fcr das Tracking verwendet werden, aber in der Praxis werden keine pers\u00f6nlichen Daten vom Betreiber an die Werbebetreiber \u00fcbertragen.<br \/>\nDie technische Voraussetzung f\u00fcr solche Aktionen ist die aktivierte Unterst\u00fctzung f\u00fcr Cookies. <\/li>\n<li>Der Betreiber verwendet den <strong>Facebook-Pixel<\/strong>.<br \/>\nDiese Technologie sorgt daf\u00fcr, dass der Dienst <strong>Meta Platforms Ireland Limited<\/strong> (Facebook Inc. mit Sitz in den USA) wei\u00df, dass eine bestimmte dort registrierte Person den Dienst nutzt.<br \/>\nIn diesem Fall basiert sie auf Daten, f\u00fcr die sie der Controller ist, und der Betreiber \u00fcbertr\u00e4gt keine zus\u00e4tzlichen pers\u00f6nlichen Daten von sich an den Meta-Dienst.<br \/>\nDer Dienst basiert auf der Verwendung von Cookies auf dem Endger\u00e4t des Nutzers.   <\/li>\n<li>Der Betreiber verwendet eine L\u00f6sung, die das Nutzerverhalten untersucht, indem sie Heatmaps erstellt und das Nutzerverhalten auf der Seite aufzeichnet.<br \/>\nDiese Informationen werden anonymisiert, bevor sie an den Betreiber des Dienstes gesendet werden, so dass dieser nicht wei\u00df, auf welche nat\u00fcrliche Person sie sich beziehen.<br \/>\nPassw\u00f6rter und andere pers\u00f6nliche Daten werden nicht aufgezeichnet.  <\/li>\n<li>Der Betreiber verwendet eine L\u00f6sung, die den Betrieb des Dienstes in Bezug auf die Nutzer automatisiert, z.B. das Versenden einer E-Mail an den Nutzer nach dem Besuch einer bestimmten Unterseite, vorausgesetzt, der Nutzer hat zugestimmt, kommerzielle Korrespondenz vom Betreiber zu erhalten.<\/li>\n<\/ul>\n<p><strong>8. Informationen \u00fcber Cookies<\/strong><br \/>Der Dienst verwendet Cookies.<br \/>Cookies (sog. &#8220;Cookies&#8221;) sind IT-Daten, insbesondere Textdateien, die auf dem Endger\u00e4t des Nutzers gespeichert werden und f\u00fcr die Nutzung der Webseiten des Dienstes bestimmt sind.<br \/>\nCookies enthalten in der Regel den Namen der Website, von der sie stammen, die Speicherdauer auf dem Endger\u00e4t und eine eindeutige Nummer.<br \/>Die Instanz, die Cookies auf dem Endger\u00e4t des Nutzers platziert und auf sie zugreift, ist der Betreiber des Dienstes.<br \/>Cookies werden f\u00fcr folgende Zwecke verwendet: <\/p>\n<ul>\n<li>Aufrechterhaltung der Sitzung des Service-Benutzers (nach der Anmeldung), so dass der Benutzer sein Login und Passwort nicht auf jeder Unterseite des Dienstes erneut eingeben muss;<\/li>\n<li>Umsetzung der oben im Abschnitt &#8220;Wichtige Marketingtechniken&#8221; beschriebenen Zwecke;<br \/>Der Dienst verwendet zwei grundlegende Arten von Cookies: &#8220;Session&#8221; (Sitzungscookies) und &#8220;permanente&#8221; (dauerhafte Cookies).<br \/>\n&#8220;Sitzungs&#8221;-Cookies sind tempor\u00e4re Dateien, die auf dem Endger\u00e4t des Nutzers gespeichert werden, bis dieser sich abmeldet, die Website verl\u00e4sst oder den Webbrowser (Internetbrowser) ausschaltet.<br \/>\n&#8220;Permanente&#8221; Cookies werden auf dem Endger\u00e4t des Benutzers f\u00fcr die in den Cookie-Parametern angegebene Zeit oder bis zum L\u00f6schen durch den Benutzer gespeichert.<br \/>Webbrowser-Software (Internetbrowser) erlaubt in der Regel standardm\u00e4\u00dfig die Speicherung von Cookies auf dem Endger\u00e4t des Benutzers.<br \/>\nDie Benutzer des Dienstes k\u00f6nnen die diesbez\u00fcglichen Einstellungen \u00e4ndern.<br \/>\nDer Internetbrowser erlaubt das L\u00f6schen von Cookies.<br \/>\nEs ist auch m\u00f6glich, Cookies automatisch zu blockieren.<br \/>\nDetaillierte Informationen hierzu finden Sie in der Hilfe oder Dokumentation des Internetbrowsers.<br \/>Einschr\u00e4nkungen bei der Verwendung von Cookies k\u00f6nnen einige der auf den Websites des Dienstes verf\u00fcgbaren Funktionen beeintr\u00e4chtigen.<br \/>Auf dem Endger\u00e4t des Nutzers platzierte Cookies k\u00f6nnen auch von Stellen verwendet werden, die mit dem Betreiber des Dienstes zusammenarbeiten, insbesondere gilt dies f\u00fcr:      <\/li>\n<li><strong>Google Ireland Limited<\/strong> f\u00fcr <strong>Google Ads<\/strong> und <strong>Google Analytics<\/strong> Dienste;<\/li>\n<li><strong>Meta Platforms Ireland Limited<\/strong> f\u00fcr die Dienste <strong>von Facebook<\/strong> und <strong>Instagram<\/strong>.<\/li>\n<\/ul>\n<p><strong>9. Umgang mit Cookies &#8211; Wie kann man die Zustimmung in der Praxis ausdr\u00fccken und widerrufen?<\/strong><br \/>Wenn der Benutzer keine Cookies erhalten m\u00f6chte, kann er die Einstellungen seines Browsers \u00e4ndern.<br \/>\nBitte beachten Sie, dass die Deaktivierung von Cookies, die f\u00fcr die Authentifizierung, die Sicherheit und die Beibehaltung von Benutzerpr\u00e4ferenzen notwendig sind, die Nutzung von Websites behindern und in extremen F\u00e4llen verhindern kann.<br \/>Um die Cookie-Einstellungen zu verwalten, w\u00e4hlen Sie den von Ihnen verwendeten Webbrowser aus der Liste unten aus und folgen Sie den Anweisungen: <\/p>\n<ul>\n<li>Rand<\/li>\n<li>Internet Explorer<\/li>\n<li>Chrom<\/li>\n<li>Safari<\/li>\n<li>Firefox<\/li>\n<li>Opera<br \/>Mobile Ger\u00e4te:<\/li>\n<li>Android<\/li>\n<li>Safari (iOS)<\/li>\n<li>Windows Phone<\/li>\n<\/ul>\n<p>[\/et_pb_text][\/et_pb_column][\/et_pb_row][\/et_pb_section]<\/p>\n","protected":false},"excerpt":{"rendered":"<p>Datenschutz- und Cookie-RichtlinieDie Datenschutzrichtlinie beschreibt die Regeln f\u00fcr die Verarbeitung von Informationen \u00fcber Sie, einschlie\u00dflich personenbezogener Daten und Cookies, d.h. so genannter Cookies. 1. Allgemeine InformationenDiese Richtlinie gilt f\u00fcr die Website, die unter der URL: d4s-store.com betrieben wird.Der Betreiber des Dienstes und der Verwalter der pers\u00f6nlichen Daten ist: D4S Sp. z o.o., Ul. \u0141ubinowa 20\/8, [&hellip;]<\/p>\n","protected":false},"author":1,"featured_media":0,"parent":0,"menu_order":0,"comment_status":"closed","ping_status":"closed","template":"","meta":{"_et_pb_use_builder":"on","_et_pb_old_content":"","_et_gb_content_width":"","footnotes":""},"folder":[18],"class_list":["post-1808","page","type-page","status-publish","hentry"],"yoast_head":"<!-- This site is optimized with the Yoast SEO plugin v23.6 - https:\/\/yoast.com\/wordpress\/plugins\/seo\/ -->\n<title>Datenschutz &amp; Cookies - D4S<\/title>\n<meta name=\"description\" content=\"Lesen Sie unsere Datenschutzrichtlinie, die Ihre pers\u00f6nlichen Daten sch\u00fctzt. Erfahren Sie, wie wir Ihre Privatsph\u00e4re sch\u00fctzen.\" \/>\n<meta name=\"robots\" content=\"index, follow, max-snippet:-1, max-image-preview:large, max-video-preview:-1\" \/>\n<link rel=\"canonical\" href=\"https:\/\/d4s-store.com\/de\/datenschutz-cookies\/\" \/>\n<meta property=\"og:locale\" content=\"de_DE\" \/>\n<meta property=\"og:type\" content=\"article\" \/>\n<meta property=\"og:title\" content=\"Datenschutz &amp; Cookies - D4S\" \/>\n<meta property=\"og:description\" content=\"Lesen Sie unsere Datenschutzrichtlinie, die Ihre pers\u00f6nlichen Daten sch\u00fctzt. Erfahren Sie, wie wir Ihre Privatsph\u00e4re sch\u00fctzen.\" \/>\n<meta property=\"og:url\" content=\"https:\/\/d4s-store.com\/de\/datenschutz-cookies\/\" \/>\n<meta property=\"og:site_name\" content=\"D4S\" \/>\n<meta property=\"article:modified_time\" content=\"2024-09-20T12:59:05+00:00\" \/>\n<meta name=\"twitter:card\" content=\"summary_large_image\" \/>\n<meta name=\"twitter:label1\" content=\"Gesch\u00e4tzte Lesezeit\" \/>\n\t<meta name=\"twitter:data1\" content=\"8 Minuten\" \/>\n<script type=\"application\/ld+json\" class=\"yoast-schema-graph\">{\"@context\":\"https:\/\/schema.org\",\"@graph\":[{\"@type\":\"WebPage\",\"@id\":\"https:\/\/d4s-store.com\/de\/datenschutz-cookies\/\",\"url\":\"https:\/\/d4s-store.com\/de\/datenschutz-cookies\/\",\"name\":\"Datenschutz &amp; Cookies - D4S\",\"isPartOf\":{\"@id\":\"https:\/\/d4s-store.com\/#website\"},\"datePublished\":\"2024-05-27T12:06:25+00:00\",\"dateModified\":\"2024-09-20T12:59:05+00:00\",\"description\":\"Lesen Sie unsere Datenschutzrichtlinie, die Ihre pers\u00f6nlichen Daten sch\u00fctzt. Erfahren Sie, wie wir Ihre Privatsph\u00e4re sch\u00fctzen.\",\"breadcrumb\":{\"@id\":\"https:\/\/d4s-store.com\/de\/datenschutz-cookies\/#breadcrumb\"},\"inLanguage\":\"de-DE\",\"potentialAction\":[{\"@type\":\"ReadAction\",\"target\":[\"https:\/\/d4s-store.com\/de\/datenschutz-cookies\/\"]}]},{\"@type\":\"BreadcrumbList\",\"@id\":\"https:\/\/d4s-store.com\/de\/datenschutz-cookies\/#breadcrumb\",\"itemListElement\":[{\"@type\":\"ListItem\",\"position\":1,\"name\":\"Home\",\"item\":\"https:\/\/d4s-store.com\/\"},{\"@type\":\"ListItem\",\"position\":2,\"name\":\"Datenschutz &amp; Cookies\"}]},{\"@type\":\"WebSite\",\"@id\":\"https:\/\/d4s-store.com\/#website\",\"url\":\"https:\/\/d4s-store.com\/\",\"name\":\"D4S\",\"description\":\"Designed For Sport\",\"potentialAction\":[{\"@type\":\"SearchAction\",\"target\":{\"@type\":\"EntryPoint\",\"urlTemplate\":\"https:\/\/d4s-store.com\/?s={search_term_string}\"},\"query-input\":{\"@type\":\"PropertyValueSpecification\",\"valueRequired\":true,\"valueName\":\"search_term_string\"}}],\"inLanguage\":\"de-DE\"}]}<\/script>\n<!-- \/ Yoast SEO plugin. -->","yoast_head_json":{"title":"Datenschutz &amp; Cookies - D4S","description":"Lesen Sie unsere Datenschutzrichtlinie, die Ihre pers\u00f6nlichen Daten sch\u00fctzt. Erfahren Sie, wie wir Ihre Privatsph\u00e4re sch\u00fctzen.","robots":{"index":"index","follow":"follow","max-snippet":"max-snippet:-1","max-image-preview":"max-image-preview:large","max-video-preview":"max-video-preview:-1"},"canonical":"https:\/\/d4s-store.com\/de\/datenschutz-cookies\/","og_locale":"de_DE","og_type":"article","og_title":"Datenschutz &amp; Cookies - D4S","og_description":"Lesen Sie unsere Datenschutzrichtlinie, die Ihre pers\u00f6nlichen Daten sch\u00fctzt. Erfahren Sie, wie wir Ihre Privatsph\u00e4re sch\u00fctzen.","og_url":"https:\/\/d4s-store.com\/de\/datenschutz-cookies\/","og_site_name":"D4S","article_modified_time":"2024-09-20T12:59:05+00:00","twitter_card":"summary_large_image","twitter_misc":{"Gesch\u00e4tzte Lesezeit":"8 Minuten"},"schema":{"@context":"https:\/\/schema.org","@graph":[{"@type":"WebPage","@id":"https:\/\/d4s-store.com\/de\/datenschutz-cookies\/","url":"https:\/\/d4s-store.com\/de\/datenschutz-cookies\/","name":"Datenschutz &amp; Cookies - D4S","isPartOf":{"@id":"https:\/\/d4s-store.com\/#website"},"datePublished":"2024-05-27T12:06:25+00:00","dateModified":"2024-09-20T12:59:05+00:00","description":"Lesen Sie unsere Datenschutzrichtlinie, die Ihre pers\u00f6nlichen Daten sch\u00fctzt. Erfahren Sie, wie wir Ihre Privatsph\u00e4re sch\u00fctzen.","breadcrumb":{"@id":"https:\/\/d4s-store.com\/de\/datenschutz-cookies\/#breadcrumb"},"inLanguage":"de-DE","potentialAction":[{"@type":"ReadAction","target":["https:\/\/d4s-store.com\/de\/datenschutz-cookies\/"]}]},{"@type":"BreadcrumbList","@id":"https:\/\/d4s-store.com\/de\/datenschutz-cookies\/#breadcrumb","itemListElement":[{"@type":"ListItem","position":1,"name":"Home","item":"https:\/\/d4s-store.com\/"},{"@type":"ListItem","position":2,"name":"Datenschutz &amp; Cookies"}]},{"@type":"WebSite","@id":"https:\/\/d4s-store.com\/#website","url":"https:\/\/d4s-store.com\/","name":"D4S","description":"Designed For Sport","potentialAction":[{"@type":"SearchAction","target":{"@type":"EntryPoint","urlTemplate":"https:\/\/d4s-store.com\/?s={search_term_string}"},"query-input":{"@type":"PropertyValueSpecification","valueRequired":true,"valueName":"search_term_string"}}],"inLanguage":"de-DE"}]}},"_links":{"self":[{"href":"https:\/\/d4s-store.com\/de\/wp-json\/wp\/v2\/pages\/1808"}],"collection":[{"href":"https:\/\/d4s-store.com\/de\/wp-json\/wp\/v2\/pages"}],"about":[{"href":"https:\/\/d4s-store.com\/de\/wp-json\/wp\/v2\/types\/page"}],"author":[{"embeddable":true,"href":"https:\/\/d4s-store.com\/de\/wp-json\/wp\/v2\/users\/1"}],"replies":[{"embeddable":true,"href":"https:\/\/d4s-store.com\/de\/wp-json\/wp\/v2\/comments?post=1808"}],"version-history":[{"count":2,"href":"https:\/\/d4s-store.com\/de\/wp-json\/wp\/v2\/pages\/1808\/revisions"}],"predecessor-version":[{"id":1810,"href":"https:\/\/d4s-store.com\/de\/wp-json\/wp\/v2\/pages\/1808\/revisions\/1810"}],"wp:attachment":[{"href":"https:\/\/d4s-store.com\/de\/wp-json\/wp\/v2\/media?parent=1808"}],"wp:term":[{"taxonomy":"folder","embeddable":true,"href":"https:\/\/d4s-store.com\/de\/wp-json\/wp\/v2\/folder?post=1808"}],"curies":[{"name":"wp","href":"https:\/\/api.w.org\/{rel}","templated":true}]}}