{"id":2009,"date":"2024-06-01T13:30:23","date_gmt":"2024-06-01T12:30:23","guid":{"rendered":"https:\/\/d4s-store.com\/faq\/"},"modified":"2024-09-20T13:59:56","modified_gmt":"2024-09-20T12:59:56","slug":"faq","status":"publish","type":"page","link":"https:\/\/d4s-store.com\/de\/faq\/","title":{"rendered":"FAQ"},"content":{"rendered":"<p>[et_pb_section fb_built=&#8221;1&#8243; _builder_version=&#8221;4.25.1&#8243; _module_preset=&#8221;default&#8221; custom_padding=&#8221;||3px|||&#8221; global_colors_info=&#8221;{}&#8221;][et_pb_row _builder_version=&#8221;4.25.2&#8243; _module_preset=&#8221;default&#8221; width=&#8221;90%&#8221; global_colors_info=&#8221;{}&#8221;][et_pb_column type=&#8221;4_4&#8243; _builder_version=&#8221;4.25.1&#8243; _module_preset=&#8221;default&#8221; global_colors_info=&#8221;{}&#8221;][et_pb_text _builder_version=&#8221;4.25.2&#8243; _module_preset=&#8221;default&#8221; text_font=&#8221;|600||on|||||&#8221; text_text_color=&#8221;#000000&#8243; header_font=&#8221;|||on|||||&#8221; header_text_color=&#8221;#000000&#8243; custom_margin=&#8221;||11px||false|false&#8221; global_colors_info=&#8221;{}&#8221;]<\/p>\n<p><span data-metadata=\"&lt;encoded_tag_open \/&gt;!--(figmeta)eyJmaWxlS2V5Ijoia0c5dDc1ZlMzMUloYjQzM0ljQXV6QiIsInBhc3RlSUQiOjc5NTg1NTAxNywiZGF0YVR5cGUiOiJzY2VuZSJ9Cg==(\/figmeta)--&lt;encoded_tag_closed \/&gt;\"><\/span>Ihr Sport, Ihre Wahl, D4S<\/p>\n<p>[\/et_pb_text][dsm_gradient_text gradient_text=&#8221;FAQ&#8221; _builder_version=&#8221;4.25.2&#8243; _module_preset=&#8221;default&#8221; header_font=&#8221;|700|||||||&#8221; header_font_size=&#8221;54px&#8221; background_color_gradient_stops=&#8221;#ffb800 0%|#ff5c00 100%&#8221; custom_margin=&#8221;||5px||false|false&#8221; global_colors_info=&#8221;{}&#8221;][\/dsm_gradient_text][et_pb_text _builder_version=&#8221;4.25.2&#8243; _module_preset=&#8221;default&#8221; text_font=&#8221;|600|||||||&#8221; max_width=&#8221;600px&#8221; global_colors_info=&#8221;{}&#8221;]<\/p>\n<p><span data-metadata=\"&lt;encoded_tag_open \/&gt;!--(figmeta)eyJmaWxlS2V5Ijoia0c5dDc1ZlMzMUloYjQzM0ljQXV6QiIsInBhc3RlSUQiOjEwNjQ4MjAzNzcsImRhdGFUeXBlIjoic2NlbmUifQo=(\/figmeta)--&lt;encoded_tag_closed \/&gt;\"><\/span>Hier finden Sie Antworten auf h\u00e4ufig gestellte Fragen zu D4S und unseren Sportbrillen!<br \/>\nWenn Sie weitere Fragen haben, k\u00f6nnen Sie sich gerne direkt an uns wenden &#8211; wir sind gerne f\u00fcr Sie da. <\/p>\n<p>[\/et_pb_text][\/et_pb_column][\/et_pb_row][\/et_pb_section][et_pb_section fb_built=&#8221;1&#8243; _builder_version=&#8221;4.25.1&#8243; _module_preset=&#8221;default&#8221; custom_padding=&#8221;7px|||||&#8221; global_colors_info=&#8221;{}&#8221;][et_pb_row _builder_version=&#8221;4.25.2&#8243; _module_preset=&#8221;default&#8221; width=&#8221;90%&#8221; global_colors_info=&#8221;{}&#8221;][et_pb_column type=&#8221;4_4&#8243; _builder_version=&#8221;4.25.1&#8243; _module_preset=&#8221;default&#8221; global_colors_info=&#8221;{}&#8221;][et_pb_toggle title=&#8221;Welche Materialien werden f\u00fcr Ihre Sportrahmen verwendet?&#8221; open_toggle_text_color=&#8221;#000000&#8243; toggle_icon=&#8221;&#xe044;||divi||400&#8243; use_icon_font_size=&#8221;on&#8221; icon_font_size=&#8221;32px&#8221; open_toggle_icon=&#8221;&#xe043;||divi||400&#8243; open_use_icon_font_size=&#8221;on&#8221; open_icon_font_size=&#8221;32px&#8221; _builder_version=&#8221;4.25.2&#8243; _module_preset=&#8221;default&#8221; title_text_color=&#8221;#000000&#8243; title_font=&#8221;|600|||||||&#8221; title_font_size=&#8221;22px&#8221; body_font=&#8221;|600|||||||&#8221; hover_enabled=&#8221;0&#8243; border_width_all=&#8221;0px&#8221; global_colors_info=&#8221;{}&#8221; sticky_enabled=&#8221;0&#8243;]<\/p>\n<p><span data-metadata=\"&lt;encoded_tag_open \/&gt;!--(figmeta)eyJmaWxlS2V5Ijoia0c5dDc1ZlMzMUloYjQzM0ljQXV6QiIsInBhc3RlSUQiOjEzNjEyODkxODAsImRhdGFUeXBlIjoic2NlbmUifQo=(\/figmeta)--&lt;encoded_tag_closed \/&gt;\"><\/span>Wir bei D4S verwenden nur die besten Materialien f\u00fcr unsere Sportrahmen, um Langlebigkeit und ein erstklassiges Aussehen zu gew\u00e4hrleisten.<br \/>\nUnsere Rahmen werden in Handarbeit aus Massivholz gefertigt und verf\u00fcgen \u00fcber Passepartouts in Archivqualit\u00e4t.<br \/>\nDiese Liebe zum Detail und die hochwertige Verarbeitung garantieren, dass Ihre Sporterinnerungsst\u00fccke mit Eleganz und Langlebigkeit pr\u00e4sentiert werden.  <\/p>\n<p>[\/et_pb_toggle][et_pb_toggle title=&#8221;Wie lange dauert es, bis ich meine Bestellung erhalte?&#8221; open_toggle_text_color=&#8221;#000000&#8243; toggle_icon=&#8221;&#xe044;||divi||400&#8243; use_icon_font_size=&#8221;on&#8221; icon_font_size=&#8221;32px&#8221; open_toggle_icon=&#8221;&#xe043;||divi||400&#8243; open_use_icon_font_size=&#8221;on&#8221; open_icon_font_size=&#8221;32px&#8221; _builder_version=&#8221;4.25.2&#8243; _module_preset=&#8221;default&#8221; title_text_color=&#8221;#000000&#8243; title_font=&#8221;|600|||||||&#8221; title_font_size=&#8221;22px&#8221; body_font=&#8221;|600|||||||&#8221; hover_enabled=&#8221;0&#8243; border_width_all=&#8221;0px&#8221; global_colors_info=&#8221;{}&#8221; sticky_enabled=&#8221;0&#8243;]<\/p>\n<p><span data-metadata=\"&lt;encoded_tag_open \/&gt;!--(figmeta)eyJmaWxlS2V5Ijoia0c5dDc1ZlMzMUloYjQzM0ljQXV6QiIsInBhc3RlSUQiOjEzNjEyODkxODAsImRhdGFUeXBlIjoic2NlbmUifQo=(\/figmeta)--&lt;encoded_tag_closed \/&gt;\"><\/span>Die Lieferzeit variiert je nach Ihrem Standort und Ihren individuellen Anforderungen.<br \/>\nIn der Regel werden die Bestellungen schnell bearbeitet und wir bem\u00fchen uns um eine p\u00fcnktliche Lieferung innerhalb unseres gesch\u00e4tzten Zeitrahmens. <\/p>\n<p>[\/et_pb_toggle][et_pb_toggle title=&#8221;Bieten Sie internationalen Versand an?&#8221; open_toggle_text_color=&#8221;#000000&#8243; toggle_icon=&#8221;&#xe044;||divi||400&#8243; use_icon_font_size=&#8221;on&#8221; icon_font_size=&#8221;32px&#8221; open_toggle_icon=&#8221;&#xe043;||divi||400&#8243; open_use_icon_font_size=&#8221;on&#8221; open_icon_font_size=&#8221;32px&#8221; _builder_version=&#8221;4.25.2&#8243; _module_preset=&#8221;default&#8221; title_text_color=&#8221;#000000&#8243; title_font=&#8221;|600|||||||&#8221; title_font_size=&#8221;22px&#8221; body_font=&#8221;|600|||||||&#8221; hover_enabled=&#8221;0&#8243; border_width_all=&#8221;0px&#8221; global_colors_info=&#8221;{}&#8221; sticky_enabled=&#8221;0&#8243;]<\/p>\n<p><span data-metadata=\"&lt;encoded_tag_open \/&gt;!--(figmeta)eyJmaWxlS2V5Ijoia0c5dDc1ZlMzMUloYjQzM0ljQXV6QiIsInBhc3RlSUQiOjEzNjEyODkxODAsImRhdGFUeXBlIjoic2NlbmUifQo=(\/figmeta)--&lt;encoded_tag_closed \/&gt;\"><\/span>Ja, wir bieten einen internationalen Versand an, um Kunden auf der ganzen Welt zu bedienen.<br \/>\nBitte setzen Sie sich mit uns in Verbindung, um Einzelheiten \u00fcber den Versand und die in Ihrer Region verf\u00fcgbaren Optionen zu erfahren. <\/p>\n<p>[\/et_pb_toggle][et_pb_toggle title=&#8221;Wie lautet Ihr R\u00fcckgaberecht?&#8221; open_toggle_text_color=&#8221;#000000&#8243; toggle_icon=&#8221;&#xe044;||divi||400&#8243; use_icon_font_size=&#8221;on&#8221; icon_font_size=&#8221;32px&#8221; open_toggle_icon=&#8221;&#xe043;||divi||400&#8243; open_use_icon_font_size=&#8221;on&#8221; open_icon_font_size=&#8221;32px&#8221; _builder_version=&#8221;4.25.2&#8243; _module_preset=&#8221;default&#8221; title_text_color=&#8221;#000000&#8243; title_font=&#8221;|600|||||||&#8221; title_font_size=&#8221;22px&#8221; body_font=&#8221;|600|||||||&#8221; border_width_all=&#8221;0px&#8221; global_colors_info=&#8221;{}&#8221;]<\/p>\n<p><span data-metadata=\"&lt;encoded_tag_open \/&gt;!--(figmeta)eyJmaWxlS2V5Ijoia0c5dDc1ZlMzMUloYjQzM0ljQXV6QiIsInBhc3RlSUQiOjEzNjEyODkxODAsImRhdGFUeXBlIjoic2NlbmUifQo=(\/figmeta)--&lt;encoded_tag_closed \/&gt;\"><\/span>Wir stehen mit einer Zufriedenheitsgarantie hinter der Qualit\u00e4t unserer Produkte.<br \/>\nSollten Sie aus irgendeinem Grund mit Ihrem Kauf nicht zufrieden sein, wenden Sie sich bitte an unseren Kundenservice, um Hilfe bei R\u00fcckgabe oder Umtausch zu erhalten. <\/p>\n<p>[\/et_pb_toggle][et_pb_toggle title=&#8221;Sind Ihre Sportrahmen sowohl f\u00fcr den privaten als auch f\u00fcr den kommerziellen Gebrauch geeignet?&#8221; open_toggle_text_color=&#8221;#000000&#8243; toggle_icon=&#8221;&#xe044;||divi||400&#8243; use_icon_font_size=&#8221;on&#8221; icon_font_size=&#8221;32px&#8221; open_toggle_icon=&#8221;&#xe043;||divi||400&#8243; open_use_icon_font_size=&#8221;on&#8221; open_icon_font_size=&#8221;32px&#8221; _builder_version=&#8221;4.25.2&#8243; _module_preset=&#8221;default&#8221; title_text_color=&#8221;#000000&#8243; title_font=&#8221;|600|||||||&#8221; title_font_size=&#8221;22px&#8221; body_font=&#8221;|600|||||||&#8221; border_width_all=&#8221;0px&#8221; global_colors_info=&#8221;{}&#8221;]<\/p>\n<p>Auf jeden Fall!<br \/>\nUnsere Sportrahmen sind so konzipiert, dass sie jede Umgebung aufwerten, egal ob es sich um eine pers\u00f6nliche Sammlung, die Ausstellung eines Sportvereins oder ein Firmenumfeld handelt.<br \/>\nJedes St\u00fcck wird so gefertigt, dass es den h\u00f6chsten Anspr\u00fcchen an Funktionalit\u00e4t und Stil gerecht wird.  <\/p>\n<p>&nbsp;<\/p>\n<p>[\/et_pb_toggle][et_pb_toggle title=&#8221;Gibt es M\u00f6glichkeiten f\u00fcr Kooperationen oder Partnerschaften mit D4S?&#8221; open_toggle_text_color=&#8221;#000000&#8243; toggle_icon=&#8221;&#xe044;||divi||400&#8243; use_icon_font_size=&#8221;on&#8221; icon_font_size=&#8221;32px&#8221; open_toggle_icon=&#8221;&#xe043;||divi||400&#8243; open_use_icon_font_size=&#8221;on&#8221; open_icon_font_size=&#8221;32px&#8221; _builder_version=&#8221;4.25.2&#8243; _module_preset=&#8221;default&#8221; title_text_color=&#8221;#000000&#8243; title_font=&#8221;|600|||||||&#8221; title_font_size=&#8221;22px&#8221; body_font=&#8221;|600|||||||&#8221; border_width_all=&#8221;0px&#8221; global_colors_info=&#8221;{}&#8221;]<\/p>\n<p><span data-metadata=\"&lt;encoded_tag_open \/&gt;!--(figmeta)eyJmaWxlS2V5Ijoia0c5dDc1ZlMzMUloYjQzM0ljQXV6QiIsInBhc3RlSUQiOjEzNjEyODkxODAsImRhdGFUeXBlIjoic2NlbmUifQo=(\/figmeta)--&lt;encoded_tag_closed \/&gt;\"><\/span>Ja, wir begr\u00fc\u00dfen Kooperationen und Partnerschaften mit Sportvereinen, Organisationen und Marken, die unsere Leidenschaft f\u00fcr Qualit\u00e4t und Handwerkskunst teilen.<br \/>\nNehmen Sie Kontakt mit uns auf, um m\u00f6gliche M\u00f6glichkeiten zum gegenseitigen Nutzen zu besprechen. <\/p>\n<p>[\/et_pb_toggle][et_pb_toggle title=&#8221;Wie kann ich das D4S-Team f\u00fcr R\u00fcckfragen kontaktieren?&#8221; open_toggle_text_color=&#8221;#000000&#8243; toggle_icon=&#8221;&#xe044;||divi||400&#8243; use_icon_font_size=&#8221;on&#8221; icon_font_size=&#8221;32px&#8221; open_toggle_icon=&#8221;&#xe043;||divi||400&#8243; open_use_icon_font_size=&#8221;on&#8221; open_icon_font_size=&#8221;32px&#8221; _builder_version=&#8221;4.25.2&#8243; _module_preset=&#8221;default&#8221; title_text_color=&#8221;#000000&#8243; title_font=&#8221;|600|||||||&#8221; title_font_size=&#8221;22px&#8221; body_font=&#8221;|600|||||||&#8221; border_width_all=&#8221;0px&#8221; global_colors_info=&#8221;{}&#8221;]<\/p>\n<p><span data-metadata=\"&lt;encoded_tag_open \/&gt;!--(figmeta)eyJmaWxlS2V5Ijoia0c5dDc1ZlMzMUloYjQzM0ljQXV6QiIsInBhc3RlSUQiOjEzNjEyODkxODAsImRhdGFUeXBlIjoic2NlbmUifQo=(\/figmeta)--&lt;encoded_tag_closed \/&gt;\"><\/span>Es ist ganz einfach, uns zu kontaktieren!<br \/>\nKontaktieren Sie uns \u00fcber das Kontaktformular auf unserer Website.<br \/>\nUnser freundliches Team ist bereit, Ihnen bei allen Fragen und W\u00fcnschen zu helfen.  <\/p>\n<p>[\/et_pb_toggle][\/et_pb_column][\/et_pb_row][\/et_pb_section]<\/p>\n","protected":false},"excerpt":{"rendered":"<p>Ihr Sport, Ihre Wahl, D4S<div class=\"et_pb_module dsm_gradient_text dsm_gradient_text_0 \">\n\t\t\t\t\n\t\t\t\t\n\t\t\t\t\n\t\t\t\t\n\t\t\t\t\n\t\t\t\t\n\t\t\t\t<div class=\"et_pb_module_inner\">\n\t\t\t\t\t<h1 class=\"dsm-gradient-text et_pb_module_header\">FAQ<\/h1>\n\t\t\t\t<\/div>\n\t\t\t<\/div>Hier finden Sie Antworten auf h\u00e4ufig gestellte Fragen zu D4S und unseren Sportbrillen! Wenn Sie weitere Fragen haben, k\u00f6nnen Sie sich gerne direkt an uns wenden &#8211; wir sind gerne f\u00fcr Sie da. Wir bei D4S verwenden nur die besten Materialien [&hellip;]<\/p>\n","protected":false},"author":2,"featured_media":0,"parent":0,"menu_order":0,"comment_status":"closed","ping_status":"closed","template":"","meta":{"_et_pb_use_builder":"on","_et_pb_old_content":"","_et_gb_content_width":"","footnotes":""},"folder":[],"class_list":["post-2009","page","type-page","status-publish","hentry"],"yoast_head":"<!-- This site is optimized with the Yoast SEO plugin v23.6 - https:\/\/yoast.com\/wordpress\/plugins\/seo\/ -->\n<title>FAQ - D4S<\/title>\n<meta name=\"description\" content=\"In unseren FAQ finden Sie n\u00fctzliche Informationen \u00fcber unsere handgefertigten Sportrahmen. Erfahren Sie mehr \u00fcber unsere Produkte!\" \/>\n<meta name=\"robots\" content=\"index, follow, max-snippet:-1, max-image-preview:large, max-video-preview:-1\" \/>\n<link rel=\"canonical\" href=\"https:\/\/d4s-store.com\/de\/faq\/\" \/>\n<meta property=\"og:locale\" content=\"de_DE\" \/>\n<meta property=\"og:type\" content=\"article\" \/>\n<meta property=\"og:title\" content=\"FAQ - D4S\" \/>\n<meta property=\"og:description\" content=\"In unseren FAQ finden Sie n\u00fctzliche Informationen \u00fcber unsere handgefertigten Sportrahmen. Erfahren Sie mehr \u00fcber unsere Produkte!\" \/>\n<meta property=\"og:url\" content=\"https:\/\/d4s-store.com\/de\/faq\/\" \/>\n<meta property=\"og:site_name\" content=\"D4S\" \/>\n<meta property=\"article:modified_time\" content=\"2024-09-20T12:59:56+00:00\" \/>\n<meta name=\"twitter:card\" content=\"summary_large_image\" \/>\n<meta name=\"twitter:label1\" content=\"Gesch\u00e4tzte Lesezeit\" \/>\n\t<meta name=\"twitter:data1\" content=\"5 Minuten\" \/>\n<script type=\"application\/ld+json\" class=\"yoast-schema-graph\">{\"@context\":\"https:\/\/schema.org\",\"@graph\":[{\"@type\":\"WebPage\",\"@id\":\"https:\/\/d4s-store.com\/de\/faq\/\",\"url\":\"https:\/\/d4s-store.com\/de\/faq\/\",\"name\":\"FAQ - D4S\",\"isPartOf\":{\"@id\":\"https:\/\/d4s-store.com\/#website\"},\"datePublished\":\"2024-06-01T12:30:23+00:00\",\"dateModified\":\"2024-09-20T12:59:56+00:00\",\"description\":\"In unseren FAQ finden Sie n\u00fctzliche Informationen \u00fcber unsere handgefertigten Sportrahmen. Erfahren Sie mehr \u00fcber unsere Produkte!\",\"breadcrumb\":{\"@id\":\"https:\/\/d4s-store.com\/de\/faq\/#breadcrumb\"},\"inLanguage\":\"de-DE\",\"potentialAction\":[{\"@type\":\"ReadAction\",\"target\":[\"https:\/\/d4s-store.com\/de\/faq\/\"]}]},{\"@type\":\"BreadcrumbList\",\"@id\":\"https:\/\/d4s-store.com\/de\/faq\/#breadcrumb\",\"itemListElement\":[{\"@type\":\"ListItem\",\"position\":1,\"name\":\"Home\",\"item\":\"https:\/\/d4s-store.com\/\"},{\"@type\":\"ListItem\",\"position\":2,\"name\":\"FAQ\"}]},{\"@type\":\"WebSite\",\"@id\":\"https:\/\/d4s-store.com\/#website\",\"url\":\"https:\/\/d4s-store.com\/\",\"name\":\"D4S\",\"description\":\"Designed For Sport\",\"potentialAction\":[{\"@type\":\"SearchAction\",\"target\":{\"@type\":\"EntryPoint\",\"urlTemplate\":\"https:\/\/d4s-store.com\/?s={search_term_string}\"},\"query-input\":{\"@type\":\"PropertyValueSpecification\",\"valueRequired\":true,\"valueName\":\"search_term_string\"}}],\"inLanguage\":\"de-DE\"}]}<\/script>\n<!-- \/ Yoast SEO plugin. -->","yoast_head_json":{"title":"FAQ - D4S","description":"In unseren FAQ finden Sie n\u00fctzliche Informationen \u00fcber unsere handgefertigten Sportrahmen. Erfahren Sie mehr \u00fcber unsere Produkte!","robots":{"index":"index","follow":"follow","max-snippet":"max-snippet:-1","max-image-preview":"max-image-preview:large","max-video-preview":"max-video-preview:-1"},"canonical":"https:\/\/d4s-store.com\/de\/faq\/","og_locale":"de_DE","og_type":"article","og_title":"FAQ - D4S","og_description":"In unseren FAQ finden Sie n\u00fctzliche Informationen \u00fcber unsere handgefertigten Sportrahmen. Erfahren Sie mehr \u00fcber unsere Produkte!","og_url":"https:\/\/d4s-store.com\/de\/faq\/","og_site_name":"D4S","article_modified_time":"2024-09-20T12:59:56+00:00","twitter_card":"summary_large_image","twitter_misc":{"Gesch\u00e4tzte Lesezeit":"5 Minuten"},"schema":{"@context":"https:\/\/schema.org","@graph":[{"@type":"WebPage","@id":"https:\/\/d4s-store.com\/de\/faq\/","url":"https:\/\/d4s-store.com\/de\/faq\/","name":"FAQ - D4S","isPartOf":{"@id":"https:\/\/d4s-store.com\/#website"},"datePublished":"2024-06-01T12:30:23+00:00","dateModified":"2024-09-20T12:59:56+00:00","description":"In unseren FAQ finden Sie n\u00fctzliche Informationen \u00fcber unsere handgefertigten Sportrahmen. Erfahren Sie mehr \u00fcber unsere Produkte!","breadcrumb":{"@id":"https:\/\/d4s-store.com\/de\/faq\/#breadcrumb"},"inLanguage":"de-DE","potentialAction":[{"@type":"ReadAction","target":["https:\/\/d4s-store.com\/de\/faq\/"]}]},{"@type":"BreadcrumbList","@id":"https:\/\/d4s-store.com\/de\/faq\/#breadcrumb","itemListElement":[{"@type":"ListItem","position":1,"name":"Home","item":"https:\/\/d4s-store.com\/"},{"@type":"ListItem","position":2,"name":"FAQ"}]},{"@type":"WebSite","@id":"https:\/\/d4s-store.com\/#website","url":"https:\/\/d4s-store.com\/","name":"D4S","description":"Designed For Sport","potentialAction":[{"@type":"SearchAction","target":{"@type":"EntryPoint","urlTemplate":"https:\/\/d4s-store.com\/?s={search_term_string}"},"query-input":{"@type":"PropertyValueSpecification","valueRequired":true,"valueName":"search_term_string"}}],"inLanguage":"de-DE"}]}},"_links":{"self":[{"href":"https:\/\/d4s-store.com\/de\/wp-json\/wp\/v2\/pages\/2009"}],"collection":[{"href":"https:\/\/d4s-store.com\/de\/wp-json\/wp\/v2\/pages"}],"about":[{"href":"https:\/\/d4s-store.com\/de\/wp-json\/wp\/v2\/types\/page"}],"author":[{"embeddable":true,"href":"https:\/\/d4s-store.com\/de\/wp-json\/wp\/v2\/users\/2"}],"replies":[{"embeddable":true,"href":"https:\/\/d4s-store.com\/de\/wp-json\/wp\/v2\/comments?post=2009"}],"version-history":[{"count":1,"href":"https:\/\/d4s-store.com\/de\/wp-json\/wp\/v2\/pages\/2009\/revisions"}],"predecessor-version":[{"id":2012,"href":"https:\/\/d4s-store.com\/de\/wp-json\/wp\/v2\/pages\/2009\/revisions\/2012"}],"wp:attachment":[{"href":"https:\/\/d4s-store.com\/de\/wp-json\/wp\/v2\/media?parent=2009"}],"wp:term":[{"taxonomy":"folder","embeddable":true,"href":"https:\/\/d4s-store.com\/de\/wp-json\/wp\/v2\/folder?post=2009"}],"curies":[{"name":"wp","href":"https:\/\/api.w.org\/{rel}","templated":true}]}}