{"id":2034,"date":"2024-05-27T12:49:06","date_gmt":"2024-05-27T11:49:06","guid":{"rendered":"https:\/\/d4s-store.com\/blog\/"},"modified":"2024-09-20T14:00:08","modified_gmt":"2024-09-20T13:00:08","slug":"blog","status":"publish","type":"page","link":"https:\/\/d4s-store.com\/de\/blog\/","title":{"rendered":"Blog"},"content":{"rendered":"<p>[et_pb_section fb_built=&#8221;1&#8243; _builder_version=&#8221;4.25.1&#8243; _module_preset=&#8221;default&#8221; custom_padding=&#8221;||13px|||&#8221; global_colors_info=&#8221;{}&#8221;][et_pb_row _builder_version=&#8221;4.25.1&#8243; _module_preset=&#8221;default&#8221; custom_padding=&#8221;||2px|||&#8221; global_colors_info=&#8221;{}&#8221;][et_pb_column type=&#8221;4_4&#8243; _builder_version=&#8221;4.25.1&#8243; _module_preset=&#8221;default&#8221; global_colors_info=&#8221;{}&#8221;][et_pb_text _builder_version=&#8221;4.25.2&#8243; _module_preset=&#8221;default&#8221; text_font=&#8221;|600||on|||||&#8221; text_text_color=&#8221;#000000&#8243; custom_margin=&#8221;||9px||false|false&#8221; global_colors_info=&#8221;{}&#8221;]<\/p>\n<p><span data-metadata=\"&lt;encoded_tag_open \/&gt;!--(figmeta)eyJmaWxlS2V5Ijoia0c5dDc1ZlMzMUloYjQzM0ljQXV6QiIsInBhc3RlSUQiOjIwMDcxNTk0OTIsImRhdGFUeXBlIjoic2NlbmUifQo=(\/figmeta)--&lt;encoded_tag_closed \/&gt;\"><\/span>Ihre Passion, unsere Mission!<\/p>\n<p>[\/et_pb_text][dsm_gradient_text gradient_text=&#8221;Blog&#8221; _builder_version=&#8221;4.25.2&#8243; _module_preset=&#8221;default&#8221; header_font=&#8221;|700|||||||&#8221; header_font_size=&#8221;56px&#8221; background_color_gradient_stops=&#8221;#0063d8 0%|#0b98ff 100%&#8221; custom_margin=&#8221;||5px||false|false&#8221; global_colors_info=&#8221;{}&#8221;][\/dsm_gradient_text][et_pb_text _builder_version=&#8221;4.25.2&#8243; _module_preset=&#8221;default&#8221; text_font=&#8221;|600|||||||&#8221; max_width=&#8221;600px&#8221; custom_padding=&#8221;||0px|||&#8221; global_colors_info=&#8221;{}&#8221;]<\/p>\n<p>Tauchen Sie ein in die Welt der Rahmen und Sportmemorabilien mit unserem Expertenblog bei D4S.<br \/>\nEntdecken Sie aufschlussreiche Artikel und Expertenratschl\u00e4ge zu Rahmen und Sportmemorabilien, einschlie\u00dflich Tipps zur Auswahl des perfekten Sportrahmens, zur Aufbewahrung von Erinnerungsst\u00fccken und zur Versch\u00f6nerung Ihres sportlichen Umfelds. <\/p>\n<p>[\/et_pb_text][\/et_pb_column][\/et_pb_row][\/et_pb_section][et_pb_section fb_built=&#8221;1&#8243; _builder_version=&#8221;4.25.1&#8243; _module_preset=&#8221;default&#8221; custom_padding=&#8221;18px|||||&#8221; global_colors_info=&#8221;{}&#8221;][et_pb_row _builder_version=&#8221;4.27.0&#8243; _module_preset=&#8221;default&#8221; width=&#8221;90%&#8221; hover_enabled=&#8221;0&#8243; global_colors_info=&#8221;{}&#8221; sticky_enabled=&#8221;0&#8243;][et_pb_column type=&#8221;4_4&#8243; _builder_version=&#8221;4.25.2&#8243; _module_preset=&#8221;default&#8221; global_colors_info=&#8221;{}&#8221;][et_pb_code _builder_version=&#8221;4.27.0&#8243; _module_preset=&#8221;default&#8221; global_colors_info=&#8221;{}&#8221;]<\/p>\n<div class=\"sk-ww-linkedin-profile-post\" data-embed-id=\"25443084\"><\/div>\n<p><script src=\"https:\/\/widgets.sociablekit.com\/linkedin-profile-posts\/widget.js\" defer><\/script>[\/et_pb_code][\/et_pb_column][\/et_pb_row][\/et_pb_section]<\/p>\n","protected":false},"excerpt":{"rendered":"<p>Ihre Passion, unsere Mission!<div class=\"et_pb_module dsm_gradient_text dsm_gradient_text_0 \">\n\t\t\t\t\n\t\t\t\t\n\t\t\t\t\n\t\t\t\t\n\t\t\t\t\n\t\t\t\t\n\t\t\t\t<div class=\"et_pb_module_inner\">\n\t\t\t\t\t<h1 class=\"dsm-gradient-text et_pb_module_header\">Blog<\/h1>\n\t\t\t\t<\/div>\n\t\t\t<\/div>Tauchen Sie ein in die Welt der Rahmen und Sportmemorabilien mit unserem Expertenblog bei D4S. Entdecken Sie aufschlussreiche Artikel und Expertenratschl\u00e4ge zu Rahmen und Sportmemorabilien, einschlie\u00dflich Tipps zur Auswahl des perfekten Sportrahmens, zur Aufbewahrung von Erinnerungsst\u00fccken und zur Versch\u00f6nerung Ihres sportlichen Umfelds.<\/p>\n","protected":false},"author":1,"featured_media":0,"parent":0,"menu_order":0,"comment_status":"closed","ping_status":"closed","template":"","meta":{"_et_pb_use_builder":"on","_et_pb_old_content":"","_et_gb_content_width":"","footnotes":""},"folder":[],"class_list":["post-2034","page","type-page","status-publish","hentry"],"yoast_head":"<!-- This site is optimized with the Yoast SEO plugin v23.6 - https:\/\/yoast.com\/wordpress\/plugins\/seo\/ -->\n<title>Blog - D4S<\/title>\n<meta name=\"description\" content=\"Entdecken Sie Expertenratschl\u00e4ge, inspirierende Geschichten und die neuesten Trends bei Sportrahmen und Erinnerungsst\u00fccken. Besuchen Sie noch heute unseren Blog!\" \/>\n<meta name=\"robots\" content=\"index, follow, max-snippet:-1, max-image-preview:large, max-video-preview:-1\" \/>\n<link rel=\"canonical\" href=\"https:\/\/d4s-store.com\/de\/blog\/\" \/>\n<meta property=\"og:locale\" content=\"de_DE\" \/>\n<meta property=\"og:type\" content=\"article\" \/>\n<meta property=\"og:title\" content=\"Blog - D4S\" \/>\n<meta property=\"og:description\" content=\"Entdecken Sie Expertenratschl\u00e4ge, inspirierende Geschichten und die neuesten Trends bei Sportrahmen und Erinnerungsst\u00fccken. Besuchen Sie noch heute unseren Blog!\" \/>\n<meta property=\"og:url\" content=\"https:\/\/d4s-store.com\/de\/blog\/\" \/>\n<meta property=\"og:site_name\" content=\"D4S\" \/>\n<meta property=\"article:modified_time\" content=\"2024-09-20T13:00:08+00:00\" \/>\n<meta name=\"twitter:card\" content=\"summary_large_image\" \/>\n<meta name=\"twitter:label1\" content=\"Gesch\u00e4tzte Lesezeit\" \/>\n\t<meta name=\"twitter:data1\" content=\"1 Minute\" \/>\n<script type=\"application\/ld+json\" class=\"yoast-schema-graph\">{\"@context\":\"https:\/\/schema.org\",\"@graph\":[{\"@type\":\"WebPage\",\"@id\":\"https:\/\/d4s-store.com\/de\/blog\/\",\"url\":\"https:\/\/d4s-store.com\/de\/blog\/\",\"name\":\"Blog - D4S\",\"isPartOf\":{\"@id\":\"https:\/\/d4s-store.com\/#website\"},\"datePublished\":\"2024-05-27T11:49:06+00:00\",\"dateModified\":\"2024-09-20T13:00:08+00:00\",\"description\":\"Entdecken Sie Expertenratschl\u00e4ge, inspirierende Geschichten und die neuesten Trends bei Sportrahmen und Erinnerungsst\u00fccken. Besuchen Sie noch heute unseren Blog!\",\"breadcrumb\":{\"@id\":\"https:\/\/d4s-store.com\/de\/blog\/#breadcrumb\"},\"inLanguage\":\"de-DE\",\"potentialAction\":[{\"@type\":\"ReadAction\",\"target\":[\"https:\/\/d4s-store.com\/de\/blog\/\"]}]},{\"@type\":\"BreadcrumbList\",\"@id\":\"https:\/\/d4s-store.com\/de\/blog\/#breadcrumb\",\"itemListElement\":[{\"@type\":\"ListItem\",\"position\":1,\"name\":\"Home\",\"item\":\"https:\/\/d4s-store.com\/\"},{\"@type\":\"ListItem\",\"position\":2,\"name\":\"Blog\"}]},{\"@type\":\"WebSite\",\"@id\":\"https:\/\/d4s-store.com\/#website\",\"url\":\"https:\/\/d4s-store.com\/\",\"name\":\"D4S\",\"description\":\"Designed For Sport\",\"potentialAction\":[{\"@type\":\"SearchAction\",\"target\":{\"@type\":\"EntryPoint\",\"urlTemplate\":\"https:\/\/d4s-store.com\/?s={search_term_string}\"},\"query-input\":{\"@type\":\"PropertyValueSpecification\",\"valueRequired\":true,\"valueName\":\"search_term_string\"}}],\"inLanguage\":\"de-DE\"}]}<\/script>\n<!-- \/ Yoast SEO plugin. -->","yoast_head_json":{"title":"Blog - D4S","description":"Entdecken Sie Expertenratschl\u00e4ge, inspirierende Geschichten und die neuesten Trends bei Sportrahmen und Erinnerungsst\u00fccken. Besuchen Sie noch heute unseren Blog!","robots":{"index":"index","follow":"follow","max-snippet":"max-snippet:-1","max-image-preview":"max-image-preview:large","max-video-preview":"max-video-preview:-1"},"canonical":"https:\/\/d4s-store.com\/de\/blog\/","og_locale":"de_DE","og_type":"article","og_title":"Blog - D4S","og_description":"Entdecken Sie Expertenratschl\u00e4ge, inspirierende Geschichten und die neuesten Trends bei Sportrahmen und Erinnerungsst\u00fccken. Besuchen Sie noch heute unseren Blog!","og_url":"https:\/\/d4s-store.com\/de\/blog\/","og_site_name":"D4S","article_modified_time":"2024-09-20T13:00:08+00:00","twitter_card":"summary_large_image","twitter_misc":{"Gesch\u00e4tzte Lesezeit":"1 Minute"},"schema":{"@context":"https:\/\/schema.org","@graph":[{"@type":"WebPage","@id":"https:\/\/d4s-store.com\/de\/blog\/","url":"https:\/\/d4s-store.com\/de\/blog\/","name":"Blog - D4S","isPartOf":{"@id":"https:\/\/d4s-store.com\/#website"},"datePublished":"2024-05-27T11:49:06+00:00","dateModified":"2024-09-20T13:00:08+00:00","description":"Entdecken Sie Expertenratschl\u00e4ge, inspirierende Geschichten und die neuesten Trends bei Sportrahmen und Erinnerungsst\u00fccken. Besuchen Sie noch heute unseren Blog!","breadcrumb":{"@id":"https:\/\/d4s-store.com\/de\/blog\/#breadcrumb"},"inLanguage":"de-DE","potentialAction":[{"@type":"ReadAction","target":["https:\/\/d4s-store.com\/de\/blog\/"]}]},{"@type":"BreadcrumbList","@id":"https:\/\/d4s-store.com\/de\/blog\/#breadcrumb","itemListElement":[{"@type":"ListItem","position":1,"name":"Home","item":"https:\/\/d4s-store.com\/"},{"@type":"ListItem","position":2,"name":"Blog"}]},{"@type":"WebSite","@id":"https:\/\/d4s-store.com\/#website","url":"https:\/\/d4s-store.com\/","name":"D4S","description":"Designed For Sport","potentialAction":[{"@type":"SearchAction","target":{"@type":"EntryPoint","urlTemplate":"https:\/\/d4s-store.com\/?s={search_term_string}"},"query-input":{"@type":"PropertyValueSpecification","valueRequired":true,"valueName":"search_term_string"}}],"inLanguage":"de-DE"}]}},"_links":{"self":[{"href":"https:\/\/d4s-store.com\/de\/wp-json\/wp\/v2\/pages\/2034"}],"collection":[{"href":"https:\/\/d4s-store.com\/de\/wp-json\/wp\/v2\/pages"}],"about":[{"href":"https:\/\/d4s-store.com\/de\/wp-json\/wp\/v2\/types\/page"}],"author":[{"embeddable":true,"href":"https:\/\/d4s-store.com\/de\/wp-json\/wp\/v2\/users\/1"}],"replies":[{"embeddable":true,"href":"https:\/\/d4s-store.com\/de\/wp-json\/wp\/v2\/comments?post=2034"}],"version-history":[{"count":1,"href":"https:\/\/d4s-store.com\/de\/wp-json\/wp\/v2\/pages\/2034\/revisions"}],"predecessor-version":[{"id":2041,"href":"https:\/\/d4s-store.com\/de\/wp-json\/wp\/v2\/pages\/2034\/revisions\/2041"}],"wp:attachment":[{"href":"https:\/\/d4s-store.com\/de\/wp-json\/wp\/v2\/media?parent=2034"}],"wp:term":[{"taxonomy":"folder","embeddable":true,"href":"https:\/\/d4s-store.com\/de\/wp-json\/wp\/v2\/folder?post=2034"}],"curies":[{"name":"wp","href":"https:\/\/api.w.org\/{rel}","templated":true}]}}