{"id":2004,"date":"2024-06-01T13:30:23","date_gmt":"2024-06-01T12:30:23","guid":{"rendered":"https:\/\/d4s-store.com\/faq\/"},"modified":"2024-09-20T13:59:56","modified_gmt":"2024-09-20T12:59:56","slug":"faq","status":"publish","type":"page","link":"https:\/\/d4s-store.com\/pl\/faq\/","title":{"rendered":"FAQ"},"content":{"rendered":"<p>[et_pb_section fb_built=&#8221;1&#8243; _builder_version=&#8221;4.25.1&#8243; _module_preset=&#8221;default&#8221; custom_padding=&#8221;||3px|||&#8221; global_colors_info=&#8221;{}&#8221;][et_pb_row _builder_version=&#8221;4.25.2&#8243; _module_preset=&#8221;default&#8221; width=&#8221;90%&#8221; global_colors_info=&#8221;{}&#8221;][et_pb_column type=&#8221;4_4&#8243; _builder_version=&#8221;4.25.1&#8243; _module_preset=&#8221;default&#8221; global_colors_info=&#8221;{}&#8221;][et_pb_text _builder_version=&#8221;4.25.2&#8243; _module_preset=&#8221;default&#8221; text_font=&#8221;|600||on|||||&#8221; text_text_color=&#8221;#000000&#8243; header_font=&#8221;|||on|||||&#8221; header_text_color=&#8221;#000000&#8243; custom_margin=&#8221;||11px||false|false&#8221; global_colors_info=&#8221;{}&#8221;]<\/p>\n<p><span data-metadata=\"&lt;encoded_tag_open \/&gt;!--(figmeta)eyJmaWxlS2V5Ijoia0c5dDc1ZlMzMUloYjQzM0ljQXV6QiIsInBhc3RlSUQiOjc5NTg1NTAxNywiZGF0YVR5cGUiOiJzY2VuZSJ9Cg==(\/figmeta)--&lt;encoded_tag_closed \/&gt;\"><\/span>Tw\u00f3j sport, Tw\u00f3j wyb\u00f3r, D4S<\/p>\n<p>[\/et_pb_text][dsm_gradient_text gradient_text=&#8221;FAQ&#8221; _builder_version=&#8221;4.25.2&#8243; _module_preset=&#8221;default&#8221; header_font=&#8221;|700|||||||&#8221; header_font_size=&#8221;54px&#8221; background_color_gradient_stops=&#8221;#ffb800 0%|#ff5c00 100%&#8221; custom_margin=&#8221;||5px||false|false&#8221; global_colors_info=&#8221;{}&#8221;][\/dsm_gradient_text][et_pb_text _builder_version=&#8221;4.25.2&#8243; _module_preset=&#8221;default&#8221; text_font=&#8221;|600|||||||&#8221; max_width=&#8221;600px&#8221; global_colors_info=&#8221;{}&#8221;]<\/p>\n<p><span data-metadata=\"&lt;encoded_tag_open \/&gt;!--(figmeta)eyJmaWxlS2V5Ijoia0c5dDc1ZlMzMUloYjQzM0ljQXV6QiIsInBhc3RlSUQiOjEwNjQ4MjAzNzcsImRhdGFUeXBlIjoic2NlbmUifQo=(\/figmeta)--&lt;encoded_tag_closed \/&gt;\"><\/span>Poznaj odpowiedzi na najcz\u0119\u015bciej zadawane pytania dotycz\u0105ce D4S i naszych ram sportowych!<br \/>\nJe\u015bli masz dodatkowe pytania, skontaktuj si\u0119 z nami bezpo\u015brednio &#8211; jeste\u015bmy tutaj, aby Ci pom\u00f3c. <\/p>\n<p>[\/et_pb_text][\/et_pb_column][\/et_pb_row][\/et_pb_section][et_pb_section fb_built=&#8221;1&#8243; _builder_version=&#8221;4.25.1&#8243; _module_preset=&#8221;default&#8221; custom_padding=&#8221;7px|||||&#8221; global_colors_info=&#8221;{}&#8221;][et_pb_row _builder_version=&#8221;4.25.2&#8243; _module_preset=&#8221;default&#8221; width=&#8221;90%&#8221; global_colors_info=&#8221;{}&#8221;][et_pb_column type=&#8221;4_4&#8243; _builder_version=&#8221;4.25.1&#8243; _module_preset=&#8221;default&#8221; global_colors_info=&#8221;{}&#8221;][et_pb_toggle title=&#8221;Z jakich materia\u0142\u00f3w wykonane s\u0105 ramy sportowe?&#8221; open_toggle_text_color=&#8221;#000000&#8243; toggle_icon=&#8221;&#xe044;||divi||400&#8243; use_icon_font_size=&#8221;on&#8221; icon_font_size=&#8221;32px&#8221; open_toggle_icon=&#8221;&#xe043;||divi||400&#8243; open_use_icon_font_size=&#8221;on&#8221; open_icon_font_size=&#8221;32px&#8221; _builder_version=&#8221;4.25.2&#8243; _module_preset=&#8221;default&#8221; title_text_color=&#8221;#000000&#8243; title_font=&#8221;|600|||||||&#8221; title_font_size=&#8221;22px&#8221; body_font=&#8221;|600|||||||&#8221; hover_enabled=&#8221;0&#8243; border_width_all=&#8221;0px&#8221; global_colors_info=&#8221;{}&#8221; sticky_enabled=&#8221;0&#8243;]<\/p>\n<p><span data-metadata=\"&lt;encoded_tag_open \/&gt;!--(figmeta)eyJmaWxlS2V5Ijoia0c5dDc1ZlMzMUloYjQzM0ljQXV6QiIsInBhc3RlSUQiOjEzNjEyODkxODAsImRhdGFUeXBlIjoic2NlbmUifQo=(\/figmeta)--&lt;encoded_tag_closed \/&gt;\"><\/span>W D4S u\u017cywamy tylko najlepszych materia\u0142\u00f3w do naszych ram sportowych, aby zapewni\u0107 trwa\u0142o\u015b\u0107 i doskona\u0142y wygl\u0105d.<br \/>\nNasze ramki s\u0105 wykonane r\u0119cznie z litego drewna i posiadaj\u0105 archiwaln\u0105 jako\u015b\u0107 passepartouts.<br \/>\nTa dba\u0142o\u015b\u0107 o szczeg\u00f3\u0142y i jako\u015b\u0107 wykonania gwarantuje, \u017ce Twoje pami\u0105tki sportowe b\u0119d\u0105 prezentowane z elegancj\u0105 i d\u0142ugowieczno\u015bci\u0105.  <\/p>\n<p>[\/et_pb_toggle][et_pb_toggle title=&#8221;Jak d\u0142ugo trzeba czeka\u0107 na otrzymanie zam\u00f3wienia?&#8221; open_toggle_text_color=&#8221;#000000&#8243; toggle_icon=&#8221;&#xe044;||divi||400&#8243; use_icon_font_size=&#8221;on&#8221; icon_font_size=&#8221;32px&#8221; open_toggle_icon=&#8221;&#xe043;||divi||400&#8243; open_use_icon_font_size=&#8221;on&#8221; open_icon_font_size=&#8221;32px&#8221; _builder_version=&#8221;4.25.2&#8243; _module_preset=&#8221;default&#8221; title_text_color=&#8221;#000000&#8243; title_font=&#8221;|600|||||||&#8221; title_font_size=&#8221;22px&#8221; body_font=&#8221;|600|||||||&#8221; hover_enabled=&#8221;0&#8243; border_width_all=&#8221;0px&#8221; global_colors_info=&#8221;{}&#8221; sticky_enabled=&#8221;0&#8243;]<\/p>\n<p><span data-metadata=\"&lt;encoded_tag_open \/&gt;!--(figmeta)eyJmaWxlS2V5Ijoia0c5dDc1ZlMzMUloYjQzM0ljQXV6QiIsInBhc3RlSUQiOjEzNjEyODkxODAsImRhdGFUeXBlIjoic2NlbmUifQo=(\/figmeta)--&lt;encoded_tag_closed \/&gt;\"><\/span>Czas dostawy r\u00f3\u017cni si\u0119 w zale\u017cno\u015bci od lokalizacji i wymaga\u0144 dotycz\u0105cych personalizacji.<br \/>\nZazwyczaj zam\u00f3wienia s\u0105 przetwarzane szybko, a my staramy si\u0119 zapewni\u0107 terminow\u0105 dostaw\u0119 w naszych szacowanych ramach czasowych. <\/p>\n<p>[\/et_pb_toggle][et_pb_toggle title=&#8221;Czy oferujecie wysy\u0142k\u0119 mi\u0119dzynarodow\u0105?&#8221; open_toggle_text_color=&#8221;#000000&#8243; toggle_icon=&#8221;&#xe044;||divi||400&#8243; use_icon_font_size=&#8221;on&#8221; icon_font_size=&#8221;32px&#8221; open_toggle_icon=&#8221;&#xe043;||divi||400&#8243; open_use_icon_font_size=&#8221;on&#8221; open_icon_font_size=&#8221;32px&#8221; _builder_version=&#8221;4.25.2&#8243; _module_preset=&#8221;default&#8221; title_text_color=&#8221;#000000&#8243; title_font=&#8221;|600|||||||&#8221; title_font_size=&#8221;22px&#8221; body_font=&#8221;|600|||||||&#8221; hover_enabled=&#8221;0&#8243; border_width_all=&#8221;0px&#8221; global_colors_info=&#8221;{}&#8221; sticky_enabled=&#8221;0&#8243;]<\/p>\n<p><span data-metadata=\"&lt;encoded_tag_open \/&gt;!--(figmeta)eyJmaWxlS2V5Ijoia0c5dDc1ZlMzMUloYjQzM0ljQXV6QiIsInBhc3RlSUQiOjEzNjEyODkxODAsImRhdGFUeXBlIjoic2NlbmUifQo=(\/figmeta)--&lt;encoded_tag_closed \/&gt;\"><\/span>Tak, zapewniamy wysy\u0142k\u0119 mi\u0119dzynarodow\u0105 dla klient\u00f3w na ca\u0142ym \u015bwiecie.<br \/>\nProsimy o kontakt w celu uzyskania szczeg\u00f3\u0142owych informacji na temat wysy\u0142ki i opcji dost\u0119pnych w danym regionie. <\/p>\n<p>[\/et_pb_toggle][et_pb_toggle title=&#8221;Jaka jest polityka zwrot\u00f3w?&#8221; open_toggle_text_color=&#8221;#000000&#8243; toggle_icon=&#8221;&#xe044;||divi||400&#8243; use_icon_font_size=&#8221;on&#8221; icon_font_size=&#8221;32px&#8221; open_toggle_icon=&#8221;&#xe043;||divi||400&#8243; open_use_icon_font_size=&#8221;on&#8221; open_icon_font_size=&#8221;32px&#8221; _builder_version=&#8221;4.25.2&#8243; _module_preset=&#8221;default&#8221; title_text_color=&#8221;#000000&#8243; title_font=&#8221;|600|||||||&#8221; title_font_size=&#8221;22px&#8221; body_font=&#8221;|600|||||||&#8221; border_width_all=&#8221;0px&#8221; global_colors_info=&#8221;{}&#8221;]<\/p>\n<p><span data-metadata=\"&lt;encoded_tag_open \/&gt;!--(figmeta)eyJmaWxlS2V5Ijoia0c5dDc1ZlMzMUloYjQzM0ljQXV6QiIsInBhc3RlSUQiOjEzNjEyODkxODAsImRhdGFUeXBlIjoic2NlbmUifQo=(\/figmeta)--&lt;encoded_tag_closed \/&gt;\"><\/span>Zapewniamy jako\u015b\u0107 naszych produkt\u00f3w z gwarancj\u0105 satysfakcji.<br \/>\nJe\u015bli z jakiegokolwiek powodu nie jeste\u015b w pe\u0142ni zadowolony z zakupu, skontaktuj si\u0119 z naszym zespo\u0142em obs\u0142ugi klienta, aby uzyska\u0107 pomoc w zakresie zwrot\u00f3w lub wymiany. <\/p>\n<p>[\/et_pb_toggle][et_pb_toggle title=&#8221;Czy ramki sportowe nadaj\u0105 si\u0119 zar\u00f3wno do u\u017cytku osobistego, jak i komercyjnego?&#8221; open_toggle_text_color=&#8221;#000000&#8243; toggle_icon=&#8221;&#xe044;||divi||400&#8243; use_icon_font_size=&#8221;on&#8221; icon_font_size=&#8221;32px&#8221; open_toggle_icon=&#8221;&#xe043;||divi||400&#8243; open_use_icon_font_size=&#8221;on&#8221; open_icon_font_size=&#8221;32px&#8221; _builder_version=&#8221;4.25.2&#8243; _module_preset=&#8221;default&#8221; title_text_color=&#8221;#000000&#8243; title_font=&#8221;|600|||||||&#8221; title_font_size=&#8221;22px&#8221; body_font=&#8221;|600|||||||&#8221; border_width_all=&#8221;0px&#8221; global_colors_info=&#8221;{}&#8221;]<\/p>\n<p>Absolutnie!<br \/>\nNasze ramki sportowe zosta\u0142y zaprojektowane tak, aby wzbogaci\u0107 ka\u017cde \u015brodowisko, niezale\u017cnie od tego, czy jest to kolekcja osobista, ekspozycja klubu sportowego czy otoczenie korporacyjne.<br \/>\nKa\u017cdy element jest wykonany tak, aby spe\u0142nia\u0142 najwy\u017csze standardy funkcjonalno\u015bci i stylu.  <\/p>\n<p>&nbsp;<\/p>\n<p>[\/et_pb_toggle][et_pb_toggle title=&#8221;Czy istniej\u0105 mo\u017cliwo\u015bci wsp\u00f3\u0142pracy lub partnerstwa z D4S?&#8221; open_toggle_text_color=&#8221;#000000&#8243; toggle_icon=&#8221;&#xe044;||divi||400&#8243; use_icon_font_size=&#8221;on&#8221; icon_font_size=&#8221;32px&#8221; open_toggle_icon=&#8221;&#xe043;||divi||400&#8243; open_use_icon_font_size=&#8221;on&#8221; open_icon_font_size=&#8221;32px&#8221; _builder_version=&#8221;4.25.2&#8243; _module_preset=&#8221;default&#8221; title_text_color=&#8221;#000000&#8243; title_font=&#8221;|600|||||||&#8221; title_font_size=&#8221;22px&#8221; body_font=&#8221;|600|||||||&#8221; border_width_all=&#8221;0px&#8221; global_colors_info=&#8221;{}&#8221;]<\/p>\n<p><span data-metadata=\"&lt;encoded_tag_open \/&gt;!--(figmeta)eyJmaWxlS2V5Ijoia0c5dDc1ZlMzMUloYjQzM0ljQXV6QiIsInBhc3RlSUQiOjEzNjEyODkxODAsImRhdGFUeXBlIjoic2NlbmUifQo=(\/figmeta)--&lt;encoded_tag_closed \/&gt;\"><\/span>Tak, zapraszamy do wsp\u00f3\u0142pracy i partnerstwa z klubami sportowymi, organizacjami i markami, kt\u00f3re podzielaj\u0105 nasz\u0105 pasj\u0119 do jako\u015bci i rzemios\u0142a.<br \/>\nSkontaktuj si\u0119 z nami, aby om\u00f3wi\u0107 potencjalne mo\u017cliwo\u015bci obop\u00f3lnych korzy\u015bci. <\/p>\n<p>[\/et_pb_toggle][et_pb_toggle title=&#8221;Jak mog\u0119 skontaktowa\u0107 si\u0119 z zespo\u0142em D4S w celu uzyskania dalszych informacji?&#8221; open_toggle_text_color=&#8221;#000000&#8243; toggle_icon=&#8221;&#xe044;||divi||400&#8243; use_icon_font_size=&#8221;on&#8221; icon_font_size=&#8221;32px&#8221; open_toggle_icon=&#8221;&#xe043;||divi||400&#8243; open_use_icon_font_size=&#8221;on&#8221; open_icon_font_size=&#8221;32px&#8221; _builder_version=&#8221;4.25.2&#8243; _module_preset=&#8221;default&#8221; title_text_color=&#8221;#000000&#8243; title_font=&#8221;|600|||||||&#8221; title_font_size=&#8221;22px&#8221; body_font=&#8221;|600|||||||&#8221; border_width_all=&#8221;0px&#8221; global_colors_info=&#8221;{}&#8221;]<\/p>\n<p><span data-metadata=\"&lt;encoded_tag_open \/&gt;!--(figmeta)eyJmaWxlS2V5Ijoia0c5dDc1ZlMzMUloYjQzM0ljQXV6QiIsInBhc3RlSUQiOjEzNjEyODkxODAsImRhdGFUeXBlIjoic2NlbmUifQo=(\/figmeta)--&lt;encoded_tag_closed \/&gt;\"><\/span>Kontakt z nami jest \u0142atwy!<br \/>\nSkontaktuj si\u0119 z nami za po\u015brednictwem formularza kontaktowego na naszej stronie internetowej.<br \/>\nNasz przyjazny zesp\u00f3\u0142 ch\u0119tnie odpowie na wszelkie pytania i pro\u015bby.  <\/p>\n<p>[\/et_pb_toggle][\/et_pb_column][\/et_pb_row][\/et_pb_section]<\/p>\n","protected":false},"excerpt":{"rendered":"<p>Tw\u00f3j sport, Tw\u00f3j wyb\u00f3r, D4S<div class=\"et_pb_module dsm_gradient_text dsm_gradient_text_0 \">\n\t\t\t\t\n\t\t\t\t\n\t\t\t\t\n\t\t\t\t\n\t\t\t\t\n\t\t\t\t\n\t\t\t\t<div class=\"et_pb_module_inner\">\n\t\t\t\t\t<h1 class=\"dsm-gradient-text et_pb_module_header\">FAQ<\/h1>\n\t\t\t\t<\/div>\n\t\t\t<\/div>Poznaj odpowiedzi na najcz\u0119\u015bciej zadawane pytania dotycz\u0105ce D4S i naszych ram sportowych! Je\u015bli masz dodatkowe pytania, skontaktuj si\u0119 z nami bezpo\u015brednio &#8211; jeste\u015bmy tutaj, aby Ci pom\u00f3c. W D4S u\u017cywamy tylko najlepszych materia\u0142\u00f3w do naszych ram sportowych, aby zapewni\u0107 trwa\u0142o\u015b\u0107 i [&hellip;]<\/p>\n","protected":false},"author":2,"featured_media":0,"parent":0,"menu_order":0,"comment_status":"closed","ping_status":"closed","template":"","meta":{"_et_pb_use_builder":"on","_et_pb_old_content":"","_et_gb_content_width":"","footnotes":""},"folder":[],"class_list":["post-2004","page","type-page","status-publish","hentry"],"yoast_head":"<!-- This site is optimized with the Yoast SEO plugin v23.6 - https:\/\/yoast.com\/wordpress\/plugins\/seo\/ -->\n<title>FAQ - D4S<\/title>\n<meta name=\"description\" content=\"Sprawd\u017a nasze FAQ, aby uzyska\u0107 przydatne informacje na temat naszych r\u0119cznie wykonanych ramek sportowych. Dowiedz si\u0119 wi\u0119cej o naszych produktach!\" \/>\n<meta name=\"robots\" content=\"index, follow, max-snippet:-1, max-image-preview:large, max-video-preview:-1\" \/>\n<link rel=\"canonical\" href=\"https:\/\/d4s-store.com\/pl\/faq\/\" \/>\n<meta property=\"og:locale\" content=\"pl_PL\" \/>\n<meta property=\"og:type\" content=\"article\" \/>\n<meta property=\"og:title\" content=\"FAQ - D4S\" \/>\n<meta property=\"og:description\" content=\"Sprawd\u017a nasze FAQ, aby uzyska\u0107 przydatne informacje na temat naszych r\u0119cznie wykonanych ramek sportowych. Dowiedz si\u0119 wi\u0119cej o naszych produktach!\" \/>\n<meta property=\"og:url\" content=\"https:\/\/d4s-store.com\/pl\/faq\/\" \/>\n<meta property=\"og:site_name\" content=\"D4S\" \/>\n<meta property=\"article:modified_time\" content=\"2024-09-20T12:59:56+00:00\" \/>\n<meta name=\"twitter:card\" content=\"summary_large_image\" \/>\n<meta name=\"twitter:label1\" content=\"Szacowany czas czytania\" \/>\n\t<meta name=\"twitter:data1\" content=\"5 minut\" \/>\n<script type=\"application\/ld+json\" class=\"yoast-schema-graph\">{\"@context\":\"https:\/\/schema.org\",\"@graph\":[{\"@type\":\"WebPage\",\"@id\":\"https:\/\/d4s-store.com\/pl\/faq\/\",\"url\":\"https:\/\/d4s-store.com\/pl\/faq\/\",\"name\":\"FAQ - D4S\",\"isPartOf\":{\"@id\":\"https:\/\/d4s-store.com\/#website\"},\"datePublished\":\"2024-06-01T12:30:23+00:00\",\"dateModified\":\"2024-09-20T12:59:56+00:00\",\"description\":\"Sprawd\u017a nasze FAQ, aby uzyska\u0107 przydatne informacje na temat naszych r\u0119cznie wykonanych ramek sportowych. Dowiedz si\u0119 wi\u0119cej o naszych produktach!\",\"breadcrumb\":{\"@id\":\"https:\/\/d4s-store.com\/pl\/faq\/#breadcrumb\"},\"inLanguage\":\"pl-PL\",\"potentialAction\":[{\"@type\":\"ReadAction\",\"target\":[\"https:\/\/d4s-store.com\/pl\/faq\/\"]}]},{\"@type\":\"BreadcrumbList\",\"@id\":\"https:\/\/d4s-store.com\/pl\/faq\/#breadcrumb\",\"itemListElement\":[{\"@type\":\"ListItem\",\"position\":1,\"name\":\"Home\",\"item\":\"https:\/\/d4s-store.com\/\"},{\"@type\":\"ListItem\",\"position\":2,\"name\":\"FAQ\"}]},{\"@type\":\"WebSite\",\"@id\":\"https:\/\/d4s-store.com\/#website\",\"url\":\"https:\/\/d4s-store.com\/\",\"name\":\"D4S\",\"description\":\"Designed For Sport\",\"potentialAction\":[{\"@type\":\"SearchAction\",\"target\":{\"@type\":\"EntryPoint\",\"urlTemplate\":\"https:\/\/d4s-store.com\/?s={search_term_string}\"},\"query-input\":{\"@type\":\"PropertyValueSpecification\",\"valueRequired\":true,\"valueName\":\"search_term_string\"}}],\"inLanguage\":\"pl-PL\"}]}<\/script>\n<!-- \/ Yoast SEO plugin. -->","yoast_head_json":{"title":"FAQ - D4S","description":"Sprawd\u017a nasze FAQ, aby uzyska\u0107 przydatne informacje na temat naszych r\u0119cznie wykonanych ramek sportowych. Dowiedz si\u0119 wi\u0119cej o naszych produktach!","robots":{"index":"index","follow":"follow","max-snippet":"max-snippet:-1","max-image-preview":"max-image-preview:large","max-video-preview":"max-video-preview:-1"},"canonical":"https:\/\/d4s-store.com\/pl\/faq\/","og_locale":"pl_PL","og_type":"article","og_title":"FAQ - D4S","og_description":"Sprawd\u017a nasze FAQ, aby uzyska\u0107 przydatne informacje na temat naszych r\u0119cznie wykonanych ramek sportowych. Dowiedz si\u0119 wi\u0119cej o naszych produktach!","og_url":"https:\/\/d4s-store.com\/pl\/faq\/","og_site_name":"D4S","article_modified_time":"2024-09-20T12:59:56+00:00","twitter_card":"summary_large_image","twitter_misc":{"Szacowany czas czytania":"5 minut"},"schema":{"@context":"https:\/\/schema.org","@graph":[{"@type":"WebPage","@id":"https:\/\/d4s-store.com\/pl\/faq\/","url":"https:\/\/d4s-store.com\/pl\/faq\/","name":"FAQ - D4S","isPartOf":{"@id":"https:\/\/d4s-store.com\/#website"},"datePublished":"2024-06-01T12:30:23+00:00","dateModified":"2024-09-20T12:59:56+00:00","description":"Sprawd\u017a nasze FAQ, aby uzyska\u0107 przydatne informacje na temat naszych r\u0119cznie wykonanych ramek sportowych. Dowiedz si\u0119 wi\u0119cej o naszych produktach!","breadcrumb":{"@id":"https:\/\/d4s-store.com\/pl\/faq\/#breadcrumb"},"inLanguage":"pl-PL","potentialAction":[{"@type":"ReadAction","target":["https:\/\/d4s-store.com\/pl\/faq\/"]}]},{"@type":"BreadcrumbList","@id":"https:\/\/d4s-store.com\/pl\/faq\/#breadcrumb","itemListElement":[{"@type":"ListItem","position":1,"name":"Home","item":"https:\/\/d4s-store.com\/"},{"@type":"ListItem","position":2,"name":"FAQ"}]},{"@type":"WebSite","@id":"https:\/\/d4s-store.com\/#website","url":"https:\/\/d4s-store.com\/","name":"D4S","description":"Designed For Sport","potentialAction":[{"@type":"SearchAction","target":{"@type":"EntryPoint","urlTemplate":"https:\/\/d4s-store.com\/?s={search_term_string}"},"query-input":{"@type":"PropertyValueSpecification","valueRequired":true,"valueName":"search_term_string"}}],"inLanguage":"pl-PL"}]}},"_links":{"self":[{"href":"https:\/\/d4s-store.com\/pl\/wp-json\/wp\/v2\/pages\/2004"}],"collection":[{"href":"https:\/\/d4s-store.com\/pl\/wp-json\/wp\/v2\/pages"}],"about":[{"href":"https:\/\/d4s-store.com\/pl\/wp-json\/wp\/v2\/types\/page"}],"author":[{"embeddable":true,"href":"https:\/\/d4s-store.com\/pl\/wp-json\/wp\/v2\/users\/2"}],"replies":[{"embeddable":true,"href":"https:\/\/d4s-store.com\/pl\/wp-json\/wp\/v2\/comments?post=2004"}],"version-history":[{"count":1,"href":"https:\/\/d4s-store.com\/pl\/wp-json\/wp\/v2\/pages\/2004\/revisions"}],"predecessor-version":[{"id":2007,"href":"https:\/\/d4s-store.com\/pl\/wp-json\/wp\/v2\/pages\/2004\/revisions\/2007"}],"wp:attachment":[{"href":"https:\/\/d4s-store.com\/pl\/wp-json\/wp\/v2\/media?parent=2004"}],"wp:term":[{"taxonomy":"folder","embeddable":true,"href":"https:\/\/d4s-store.com\/pl\/wp-json\/wp\/v2\/folder?post=2004"}],"curies":[{"name":"wp","href":"https:\/\/api.w.org\/{rel}","templated":true}]}}