{"id":2016,"date":"2024-05-27T12:49:12","date_gmt":"2024-05-27T11:49:12","guid":{"rendered":"https:\/\/d4s-store.com\/kontakt\/"},"modified":"2024-09-20T14:00:08","modified_gmt":"2024-09-20T13:00:08","slug":"kontakt","status":"publish","type":"page","link":"https:\/\/d4s-store.com\/pl\/kontakt\/","title":{"rendered":"Kontakt"},"content":{"rendered":"<p>[et_pb_section fb_built=&#8221;1&#8243; _builder_version=&#8221;4.25.1&#8243; _module_preset=&#8221;default&#8221; custom_padding=&#8221;||26px|||&#8221; global_colors_info=&#8221;{}&#8221;][et_pb_row _builder_version=&#8221;4.25.2&#8243; _module_preset=&#8221;default&#8221; width=&#8221;90%&#8221; global_colors_info=&#8221;{}&#8221;][et_pb_column type=&#8221;4_4&#8243; _builder_version=&#8221;4.25.1&#8243; _module_preset=&#8221;default&#8221; global_colors_info=&#8221;{}&#8221;][et_pb_text _builder_version=&#8221;4.25.2&#8243; _module_preset=&#8221;default&#8221; text_font=&#8221;|600||on|||||&#8221; text_text_color=&#8221;#000000&#8243; custom_margin=&#8221;||11px||false|false&#8221; global_colors_info=&#8221;{}&#8221;]<\/p>\n<p><span data-metadata=\"&lt;encoded_tag_open \/&gt;!--(figmeta)eyJmaWxlS2V5Ijoia0c5dDc1ZlMzMUloYjQzM0ljQXV6QiIsInBhc3RlSUQiOjIwNzg0Njk5ODQsImRhdGFUeXBlIjoic2NlbmUifQo=(\/figmeta)--&lt;encoded_tag_closed \/&gt;\"><\/span>Tw\u00f3j sport, Tw\u00f3j wyb\u00f3r!<\/p>\n<p>[\/et_pb_text][dsm_gradient_text gradient_text=&#8221;Kontakt&#8221; _builder_version=&#8221;4.25.2&#8243; _module_preset=&#8221;default&#8221; header_font=&#8221;|700|||||||&#8221; header_font_size=&#8221;54px&#8221; background_color_gradient_direction=&#8221;58deg&#8221; background_color_gradient_stops=&#8221;#0fc100 0%|#01e377 59%&#8221; custom_margin=&#8221;||5px||false|false&#8221; global_colors_info=&#8221;{}&#8221;][\/dsm_gradient_text][et_pb_text _builder_version=&#8221;4.25.2&#8243; _module_preset=&#8221;default&#8221; text_font=&#8221;|600|||||||&#8221; max_width=&#8221;600px&#8221; global_colors_info=&#8221;{}&#8221;]<\/p>\n<p><span data-metadata=\"&lt;encoded_tag_open \/&gt;!--(figmeta)eyJmaWxlS2V5Ijoia0c5dDc1ZlMzMUloYjQzM0ljQXV6QiIsInBhc3RlSUQiOjIwODg4MDA1MzMsImRhdGFUeXBlIjoic2NlbmUifQo=(\/figmeta)--&lt;encoded_tag_closed \/&gt;\"><\/span>Masz pytania lub chcesz rozpocz\u0105\u0107 projekt oprawy sportowej?<br \/>\nSkontaktuj si\u0119 z nami w D4S.<br \/>\nNasz oddany zesp\u00f3\u0142 jest tutaj, aby pom\u00f3c Ci we wszelkich zapytaniach, zam\u00f3wieniach lub pro\u015bbach o dostosowanie.<br \/>\nSkontaktuj si\u0119 z nami ju\u017c dzi\u015b, aby zapozna\u0107 si\u0119 z nasz\u0105 ofert\u0105 i rozpocz\u0105\u0107 swoj\u0105 podr\u00f3\u017c z D4S.   <\/p>\n<p>[\/et_pb_text][\/et_pb_column][\/et_pb_row][et_pb_row column_structure=&#8221;1_3,1_3,1_3&#8243; _builder_version=&#8221;4.25.2&#8243; _module_preset=&#8221;default&#8221; width=&#8221;90%&#8221; global_colors_info=&#8221;{}&#8221;][et_pb_column type=&#8221;1_3&#8243; _builder_version=&#8221;4.25.2&#8243; _module_preset=&#8221;default&#8221; global_colors_info=&#8221;{}&#8221;][et_pb_blurb title=&#8221;info@d4s-store.com&#8221; use_icon=&#8221;on&#8221; font_icon=&#8221;&#xf0e0;||fa||900&#8243; icon_color=&#8221;#06ba00&#8243; image_icon_background_color=&#8221;RGBA(255,255,255,0)&#8221; icon_placement=&#8221;left&#8221; image_icon_width=&#8221;36px&#8221; content_max_width=&#8221;800px&#8221; _builder_version=&#8221;4.25.2&#8243; _module_preset=&#8221;default&#8221; header_font=&#8221;|600|||||||&#8221; header_font_size=&#8221;20px&#8221; header_line_height=&#8221;0.7em&#8221; global_colors_info=&#8221;{}&#8221;]<\/p>\n<p>Czynne od 9:00 do 17:00<\/p>\n<p>[\/et_pb_blurb][\/et_pb_column][et_pb_column type=&#8221;1_3&#8243; _builder_version=&#8221;4.25.2&#8243; _module_preset=&#8221;default&#8221; global_colors_info=&#8221;{}&#8221;][et_pb_blurb title=&#8221;+49(0)15214446846  &#8221; use_icon=&#8221;on&#8221; font_icon=&#8221;&#xf879;||fa||900&#8243; icon_color=&#8221;#06ba00&#8243; image_icon_background_color=&#8221;RGBA(255,255,255,0)&#8221; icon_placement=&#8221;left&#8221; image_icon_width=&#8221;36px&#8221; content_max_width=&#8221;800px&#8221; _builder_version=&#8221;4.25.2&#8243; _module_preset=&#8221;default&#8221; header_font=&#8221;|600|||||||&#8221; header_font_size=&#8221;20px&#8221; header_line_height=&#8221;0.7em&#8221; hover_enabled=&#8221;0&#8243; global_colors_info=&#8221;{}&#8221; sticky_enabled=&#8221;0&#8243;]<\/p>\n<p>Czynne od 9:00 do 17:00<\/p>\n<p>[\/et_pb_blurb][\/et_pb_column][et_pb_column type=&#8221;1_3&#8243; _builder_version=&#8221;4.25.2&#8243; _module_preset=&#8221;default&#8221; global_colors_info=&#8221;{}&#8221;][et_pb_blurb title=&#8221;ARTIS MATEUSZ MATUSZYK&#8221; use_icon=&#8221;on&#8221; font_icon=&#8221;&#xe081;||divi||400&#8243; icon_color=&#8221;#06ba00&#8243; image_icon_background_color=&#8221;RGBA(255,255,255,0)&#8221; icon_placement=&#8221;left&#8221; image_icon_width=&#8221;36px&#8221; content_max_width=&#8221;800px&#8221; _builder_version=&#8221;4.25.2&#8243; _module_preset=&#8221;default&#8221; header_font=&#8221;|600|||||||&#8221; header_font_size=&#8221;20px&#8221; header_line_height=&#8221;0.7em&#8221; global_colors_info=&#8221;{}&#8221;]<\/p>\n<p><span>\u0141ubinowa 20\/8, 55-080 Smolec, Polska<\/span><\/p>\n<p>[\/et_pb_blurb][\/et_pb_column][\/et_pb_row][\/et_pb_section][et_pb_section fb_built=&#8221;1&#8243; _builder_version=&#8221;4.25.1&#8243; _module_preset=&#8221;default&#8221; custom_padding=&#8221;2px||9px|||&#8221; global_colors_info=&#8221;{}&#8221;][et_pb_row _builder_version=&#8221;4.25.2&#8243; _module_preset=&#8221;default&#8221; width=&#8221;90%&#8221; custom_padding=&#8221;9px|||||&#8221; global_colors_info=&#8221;{}&#8221;][et_pb_column type=&#8221;4_4&#8243; _builder_version=&#8221;4.25.1&#8243; _module_preset=&#8221;default&#8221; global_colors_info=&#8221;{}&#8221;][et_pb_contact_form title=&#8221;Formularz kontaktowy&#8221; success_message=&#8221;Dzi\u0119kujemy za wiadomo\u015b\u0107 &#8211; odpowiemy tak szybko, jak to mo\u017cliwe :)&#8221; submit_button_text=&#8221;Wys\u0142any&#8221; _builder_version=&#8221;4.25.2&#8243; _module_preset=&#8221;default&#8221; _unique_id=&#8221;780d89fc-26bf-476d-b186-92d7b058d0a1&#8243; title_level=&#8221;h2&#8243; title_font=&#8221;|600|||||||&#8221; title_text_color=&#8221;#8E8E8E&#8221; title_font_size=&#8221;20px&#8221; custom_button=&#8221;on&#8221; button_text_size=&#8221;16px&#8221; button_text_color=&#8221;#FFFFFF&#8221; button_bg_color=&#8221;#00A3FF&#8221; button_border_width=&#8221;0px&#8221; button_border_radius=&#8221;50px&#8221; button_font=&#8221;|600|||||||&#8221; button_custom_padding=&#8221;15px|40px|15px|40px|false|false&#8221; hover_enabled=&#8221;0&#8243; border_radii=&#8221;on|16px|16px|16px|16px&#8221; global_colors_info=&#8221;{}&#8221; button_bg_color__hover_enabled=&#8221;on|hover&#8221; button_bg_color__hover=&#8221;#FF8A00&#8243; button_bg_enable_color__hover=&#8221;on&#8221; email=&#8221;info@d4s-store.com&#8221; sticky_enabled=&#8221;0&#8243;][et_pb_contact_field field_id=&#8221;Name&#8221; field_title=&#8221;Imi\u0119 i nazwisko&#8221; _builder_version=&#8221;4.25.2&#8243; global_colors_info=&#8221;{}&#8221; button_text_size__hover_enabled=&#8221;off&#8221; button_one_text_size__hover_enabled=&#8221;off&#8221; button_two_text_size__hover_enabled=&#8221;off&#8221; button_text_color__hover_enabled=&#8221;off&#8221; button_one_text_color__hover_enabled=&#8221;off&#8221; button_two_text_color__hover_enabled=&#8221;off&#8221; button_border_width__hover_enabled=&#8221;off&#8221; button_one_border_width__hover_enabled=&#8221;off&#8221; button_two_border_width__hover_enabled=&#8221;off&#8221; button_border_color__hover_enabled=&#8221;off&#8221; button_one_border_color__hover_enabled=&#8221;off&#8221; button_two_border_color__hover_enabled=&#8221;off&#8221; button_border_radius__hover_enabled=&#8221;off&#8221; button_one_border_radius__hover_enabled=&#8221;off&#8221; button_two_border_radius__hover_enabled=&#8221;off&#8221; button_letter_spacing__hover_enabled=&#8221;off&#8221; button_one_letter_spacing__hover_enabled=&#8221;off&#8221; button_two_letter_spacing__hover_enabled=&#8221;off&#8221; button_bg_color__hover_enabled=&#8221;off&#8221; button_one_bg_color__hover_enabled=&#8221;off&#8221; button_two_bg_color__hover_enabled=&#8221;off&#8221;][\/et_pb_contact_field][et_pb_contact_field field_id=&#8221;Email&#8221; field_title=&#8221;Tw\u00f3j adres e-mail&#8221; field_type=&#8221;email&#8221; _builder_version=&#8221;4.25.2&#8243; global_colors_info=&#8221;{}&#8221; button_text_size__hover_enabled=&#8221;off&#8221; button_one_text_size__hover_enabled=&#8221;off&#8221; button_two_text_size__hover_enabled=&#8221;off&#8221; button_text_color__hover_enabled=&#8221;off&#8221; button_one_text_color__hover_enabled=&#8221;off&#8221; button_two_text_color__hover_enabled=&#8221;off&#8221; button_border_width__hover_enabled=&#8221;off&#8221; button_one_border_width__hover_enabled=&#8221;off&#8221; button_two_border_width__hover_enabled=&#8221;off&#8221; button_border_color__hover_enabled=&#8221;off&#8221; button_one_border_color__hover_enabled=&#8221;off&#8221; button_two_border_color__hover_enabled=&#8221;off&#8221; button_border_radius__hover_enabled=&#8221;off&#8221; button_one_border_radius__hover_enabled=&#8221;off&#8221; button_two_border_radius__hover_enabled=&#8221;off&#8221; button_letter_spacing__hover_enabled=&#8221;off&#8221; button_one_letter_spacing__hover_enabled=&#8221;off&#8221; button_two_letter_spacing__hover_enabled=&#8221;off&#8221; button_bg_color__hover_enabled=&#8221;off&#8221; button_one_bg_color__hover_enabled=&#8221;off&#8221; button_two_bg_color__hover_enabled=&#8221;off&#8221;][\/et_pb_contact_field][et_pb_contact_field field_id=&#8221;Message&#8221; field_title=&#8221;Twoja wiadomo\u015b\u0107&#8221; field_type=&#8221;text&#8221; fullwidth_field=&#8221;on&#8221; _builder_version=&#8221;4.25.2&#8243; global_colors_info=&#8221;{}&#8221; button_text_size__hover_enabled=&#8221;off&#8221; button_one_text_size__hover_enabled=&#8221;off&#8221; button_two_text_size__hover_enabled=&#8221;off&#8221; button_text_color__hover_enabled=&#8221;off&#8221; button_one_text_color__hover_enabled=&#8221;off&#8221; button_two_text_color__hover_enabled=&#8221;off&#8221; button_border_width__hover_enabled=&#8221;off&#8221; button_one_border_width__hover_enabled=&#8221;off&#8221; button_two_border_width__hover_enabled=&#8221;off&#8221; button_border_color__hover_enabled=&#8221;off&#8221; button_one_border_color__hover_enabled=&#8221;off&#8221; button_two_border_color__hover_enabled=&#8221;off&#8221; button_border_radius__hover_enabled=&#8221;off&#8221; button_one_border_radius__hover_enabled=&#8221;off&#8221; button_two_border_radius__hover_enabled=&#8221;off&#8221; button_letter_spacing__hover_enabled=&#8221;off&#8221; button_one_letter_spacing__hover_enabled=&#8221;off&#8221; button_two_letter_spacing__hover_enabled=&#8221;off&#8221; button_bg_color__hover_enabled=&#8221;off&#8221; button_one_bg_color__hover_enabled=&#8221;off&#8221; button_two_bg_color__hover_enabled=&#8221;off&#8221;][\/et_pb_contact_field][et_pb_contact_field field_id=&#8221;checkbox&#8221; field_title=&#8221; &#8221; field_type=&#8221;checkbox&#8221; checkbox_options=&#8221;%91{%22value%22:%22Wyra\u017cam zgod\u0119 na przetwarzanie danych przez D4S%22,%22checked%22:0,%22dragID%22:-1}%93&#8243; fullwidth_field=&#8221;on&#8221; _builder_version=&#8221;4.25.2&#8243; _module_preset=&#8221;default&#8221; global_colors_info=&#8221;{}&#8221;][\/et_pb_contact_field][\/et_pb_contact_form][\/et_pb_column][\/et_pb_row][\/et_pb_section]<\/p>\n","protected":false},"excerpt":{"rendered":"<p>Tw\u00f3j sport, Tw\u00f3j wyb\u00f3r!<div class=\"et_pb_module dsm_gradient_text dsm_gradient_text_0 \">\n\t\t\t\t\n\t\t\t\t\n\t\t\t\t\n\t\t\t\t\n\t\t\t\t\n\t\t\t\t\n\t\t\t\t<div class=\"et_pb_module_inner\">\n\t\t\t\t\t<h1 class=\"dsm-gradient-text et_pb_module_header\">Kontakt<\/h1>\n\t\t\t\t<\/div>\n\t\t\t<\/div>Masz pytania lub chcesz rozpocz\u0105\u0107 projekt oprawy sportowej? Skontaktuj si\u0119 z nami w D4S. Nasz oddany zesp\u00f3\u0142 jest tutaj, aby pom\u00f3c Ci we wszelkich zapytaniach, zam\u00f3wieniach lub pro\u015bbach o dostosowanie. Skontaktuj si\u0119 z nami ju\u017c dzi\u015b, aby zapozna\u0107 si\u0119 z nasz\u0105 [&hellip;]<\/p>\n","protected":false},"author":1,"featured_media":0,"parent":0,"menu_order":0,"comment_status":"closed","ping_status":"closed","template":"","meta":{"_et_pb_use_builder":"on","_et_pb_old_content":"","_et_gb_content_width":"","footnotes":""},"folder":[],"class_list":["post-2016","page","type-page","status-publish","hentry"],"yoast_head":"<!-- This site is optimized with the Yoast SEO plugin v23.6 - https:\/\/yoast.com\/wordpress\/plugins\/seo\/ -->\n<title>Kontakt - D4S<\/title>\n<meta name=\"description\" content=\"Skontaktuj si\u0119 z D4S ju\u017c dzi\u015b! Tutaj znajdziesz informacje kontaktowe i formularz, kt\u00f3ry pozwoli nam szybko odpowiedzie\u0107 na Twoje pytania.\" \/>\n<meta name=\"robots\" content=\"index, follow, max-snippet:-1, max-image-preview:large, max-video-preview:-1\" \/>\n<link rel=\"canonical\" href=\"https:\/\/d4s-store.com\/pl\/kontakt\/\" \/>\n<meta property=\"og:locale\" content=\"pl_PL\" \/>\n<meta property=\"og:type\" content=\"article\" \/>\n<meta property=\"og:title\" content=\"Kontakt - D4S\" \/>\n<meta property=\"og:description\" content=\"Skontaktuj si\u0119 z D4S ju\u017c dzi\u015b! Tutaj znajdziesz informacje kontaktowe i formularz, kt\u00f3ry pozwoli nam szybko odpowiedzie\u0107 na Twoje pytania.\" \/>\n<meta property=\"og:url\" content=\"https:\/\/d4s-store.com\/pl\/kontakt\/\" \/>\n<meta property=\"og:site_name\" content=\"D4S\" \/>\n<meta property=\"article:modified_time\" content=\"2024-09-20T13:00:08+00:00\" \/>\n<meta name=\"twitter:card\" content=\"summary_large_image\" \/>\n<meta name=\"twitter:label1\" content=\"Szacowany czas czytania\" \/>\n\t<meta name=\"twitter:data1\" content=\"6 minut\" \/>\n<script type=\"application\/ld+json\" class=\"yoast-schema-graph\">{\"@context\":\"https:\/\/schema.org\",\"@graph\":[{\"@type\":\"WebPage\",\"@id\":\"https:\/\/d4s-store.com\/pl\/kontakt\/\",\"url\":\"https:\/\/d4s-store.com\/pl\/kontakt\/\",\"name\":\"Kontakt - D4S\",\"isPartOf\":{\"@id\":\"https:\/\/d4s-store.com\/#website\"},\"datePublished\":\"2024-05-27T11:49:12+00:00\",\"dateModified\":\"2024-09-20T13:00:08+00:00\",\"description\":\"Skontaktuj si\u0119 z D4S ju\u017c dzi\u015b! Tutaj znajdziesz informacje kontaktowe i formularz, kt\u00f3ry pozwoli nam szybko odpowiedzie\u0107 na Twoje pytania.\",\"breadcrumb\":{\"@id\":\"https:\/\/d4s-store.com\/pl\/kontakt\/#breadcrumb\"},\"inLanguage\":\"pl-PL\",\"potentialAction\":[{\"@type\":\"ReadAction\",\"target\":[\"https:\/\/d4s-store.com\/pl\/kontakt\/\"]}]},{\"@type\":\"BreadcrumbList\",\"@id\":\"https:\/\/d4s-store.com\/pl\/kontakt\/#breadcrumb\",\"itemListElement\":[{\"@type\":\"ListItem\",\"position\":1,\"name\":\"Home\",\"item\":\"https:\/\/d4s-store.com\/\"},{\"@type\":\"ListItem\",\"position\":2,\"name\":\"Kontakt\"}]},{\"@type\":\"WebSite\",\"@id\":\"https:\/\/d4s-store.com\/#website\",\"url\":\"https:\/\/d4s-store.com\/\",\"name\":\"D4S\",\"description\":\"Designed For Sport\",\"potentialAction\":[{\"@type\":\"SearchAction\",\"target\":{\"@type\":\"EntryPoint\",\"urlTemplate\":\"https:\/\/d4s-store.com\/?s={search_term_string}\"},\"query-input\":{\"@type\":\"PropertyValueSpecification\",\"valueRequired\":true,\"valueName\":\"search_term_string\"}}],\"inLanguage\":\"pl-PL\"}]}<\/script>\n<!-- \/ Yoast SEO plugin. -->","yoast_head_json":{"title":"Kontakt - D4S","description":"Skontaktuj si\u0119 z D4S ju\u017c dzi\u015b! Tutaj znajdziesz informacje kontaktowe i formularz, kt\u00f3ry pozwoli nam szybko odpowiedzie\u0107 na Twoje pytania.","robots":{"index":"index","follow":"follow","max-snippet":"max-snippet:-1","max-image-preview":"max-image-preview:large","max-video-preview":"max-video-preview:-1"},"canonical":"https:\/\/d4s-store.com\/pl\/kontakt\/","og_locale":"pl_PL","og_type":"article","og_title":"Kontakt - D4S","og_description":"Skontaktuj si\u0119 z D4S ju\u017c dzi\u015b! Tutaj znajdziesz informacje kontaktowe i formularz, kt\u00f3ry pozwoli nam szybko odpowiedzie\u0107 na Twoje pytania.","og_url":"https:\/\/d4s-store.com\/pl\/kontakt\/","og_site_name":"D4S","article_modified_time":"2024-09-20T13:00:08+00:00","twitter_card":"summary_large_image","twitter_misc":{"Szacowany czas czytania":"6 minut"},"schema":{"@context":"https:\/\/schema.org","@graph":[{"@type":"WebPage","@id":"https:\/\/d4s-store.com\/pl\/kontakt\/","url":"https:\/\/d4s-store.com\/pl\/kontakt\/","name":"Kontakt - D4S","isPartOf":{"@id":"https:\/\/d4s-store.com\/#website"},"datePublished":"2024-05-27T11:49:12+00:00","dateModified":"2024-09-20T13:00:08+00:00","description":"Skontaktuj si\u0119 z D4S ju\u017c dzi\u015b! Tutaj znajdziesz informacje kontaktowe i formularz, kt\u00f3ry pozwoli nam szybko odpowiedzie\u0107 na Twoje pytania.","breadcrumb":{"@id":"https:\/\/d4s-store.com\/pl\/kontakt\/#breadcrumb"},"inLanguage":"pl-PL","potentialAction":[{"@type":"ReadAction","target":["https:\/\/d4s-store.com\/pl\/kontakt\/"]}]},{"@type":"BreadcrumbList","@id":"https:\/\/d4s-store.com\/pl\/kontakt\/#breadcrumb","itemListElement":[{"@type":"ListItem","position":1,"name":"Home","item":"https:\/\/d4s-store.com\/"},{"@type":"ListItem","position":2,"name":"Kontakt"}]},{"@type":"WebSite","@id":"https:\/\/d4s-store.com\/#website","url":"https:\/\/d4s-store.com\/","name":"D4S","description":"Designed For Sport","potentialAction":[{"@type":"SearchAction","target":{"@type":"EntryPoint","urlTemplate":"https:\/\/d4s-store.com\/?s={search_term_string}"},"query-input":{"@type":"PropertyValueSpecification","valueRequired":true,"valueName":"search_term_string"}}],"inLanguage":"pl-PL"}]}},"_links":{"self":[{"href":"https:\/\/d4s-store.com\/pl\/wp-json\/wp\/v2\/pages\/2016"}],"collection":[{"href":"https:\/\/d4s-store.com\/pl\/wp-json\/wp\/v2\/pages"}],"about":[{"href":"https:\/\/d4s-store.com\/pl\/wp-json\/wp\/v2\/types\/page"}],"author":[{"embeddable":true,"href":"https:\/\/d4s-store.com\/pl\/wp-json\/wp\/v2\/users\/1"}],"replies":[{"embeddable":true,"href":"https:\/\/d4s-store.com\/pl\/wp-json\/wp\/v2\/comments?post=2016"}],"version-history":[{"count":10,"href":"https:\/\/d4s-store.com\/pl\/wp-json\/wp\/v2\/pages\/2016\/revisions"}],"predecessor-version":[{"id":2046,"href":"https:\/\/d4s-store.com\/pl\/wp-json\/wp\/v2\/pages\/2016\/revisions\/2046"}],"wp:attachment":[{"href":"https:\/\/d4s-store.com\/pl\/wp-json\/wp\/v2\/media?parent=2016"}],"wp:term":[{"taxonomy":"folder","embeddable":true,"href":"https:\/\/d4s-store.com\/pl\/wp-json\/wp\/v2\/folder?post=2016"}],"curies":[{"name":"wp","href":"https:\/\/api.w.org\/{rel}","templated":true}]}}