{"id":2027,"date":"2024-05-27T12:49:06","date_gmt":"2024-05-27T11:49:06","guid":{"rendered":"https:\/\/d4s-store.com\/blog\/"},"modified":"2024-09-20T14:00:08","modified_gmt":"2024-09-20T13:00:08","slug":"blog","status":"publish","type":"page","link":"https:\/\/d4s-store.com\/pl\/blog\/","title":{"rendered":"Blog"},"content":{"rendered":"<p>[et_pb_section fb_built=&#8221;1&#8243; _builder_version=&#8221;4.25.1&#8243; _module_preset=&#8221;default&#8221; custom_padding=&#8221;||13px|||&#8221; global_colors_info=&#8221;{}&#8221;][et_pb_row _builder_version=&#8221;4.25.1&#8243; _module_preset=&#8221;default&#8221; custom_padding=&#8221;||2px|||&#8221; global_colors_info=&#8221;{}&#8221;][et_pb_column type=&#8221;4_4&#8243; _builder_version=&#8221;4.25.1&#8243; _module_preset=&#8221;default&#8221; global_colors_info=&#8221;{}&#8221;][et_pb_text _builder_version=&#8221;4.25.2&#8243; _module_preset=&#8221;default&#8221; text_font=&#8221;|600||on|||||&#8221; text_text_color=&#8221;#000000&#8243; custom_margin=&#8221;||9px||false|false&#8221; global_colors_info=&#8221;{}&#8221;]<\/p>\n<p><span data-metadata=\"&lt;encoded_tag_open \/&gt;!--(figmeta)eyJmaWxlS2V5Ijoia0c5dDc1ZlMzMUloYjQzM0ljQXV6QiIsInBhc3RlSUQiOjIwMDcxNTk0OTIsImRhdGFUeXBlIjoic2NlbmUifQo=(\/figmeta)--&lt;encoded_tag_closed \/&gt;\"><\/span>Twoja pasja, nasz\u0105 misj\u0105!<\/p>\n<p>[\/et_pb_text][dsm_gradient_text gradient_text=&#8221;Blog&#8221; _builder_version=&#8221;4.25.2&#8243; _module_preset=&#8221;default&#8221; header_font=&#8221;|700|||||||&#8221; header_font_size=&#8221;56px&#8221; background_color_gradient_stops=&#8221;#0063d8 0%|#0b98ff 100%&#8221; custom_margin=&#8221;||5px||false|false&#8221; global_colors_info=&#8221;{}&#8221;][\/dsm_gradient_text][et_pb_text _builder_version=&#8221;4.25.2&#8243; _module_preset=&#8221;default&#8221; text_font=&#8221;|600|||||||&#8221; max_width=&#8221;600px&#8221; custom_padding=&#8221;||0px|||&#8221; global_colors_info=&#8221;{}&#8221;]<\/p>\n<p>Zanurz si\u0119 w \u015bwiat ramek i pami\u0105tek sportowych dzi\u0119ki naszemu blogowi eksperckiemu w D4S.<br \/>\nOdkryj wnikliwe artyku\u0142y i porady ekspert\u00f3w dotycz\u0105ce ramek i pami\u0105tek sportowych, w tym wskaz\u00f3wki dotycz\u0105ce wyboru idealnych ramek sportowych, ochrony pami\u0105tek i ulepszania \u015brodowiska sportowego. <\/p>\n<p>[\/et_pb_text][\/et_pb_column][\/et_pb_row][\/et_pb_section][et_pb_section fb_built=&#8221;1&#8243; _builder_version=&#8221;4.25.1&#8243; _module_preset=&#8221;default&#8221; custom_padding=&#8221;18px|||||&#8221; global_colors_info=&#8221;{}&#8221;][et_pb_row _builder_version=&#8221;4.27.0&#8243; _module_preset=&#8221;default&#8221; width=&#8221;90%&#8221; hover_enabled=&#8221;0&#8243; global_colors_info=&#8221;{}&#8221; sticky_enabled=&#8221;0&#8243;][et_pb_column type=&#8221;4_4&#8243; _builder_version=&#8221;4.25.2&#8243; _module_preset=&#8221;default&#8221; global_colors_info=&#8221;{}&#8221;][et_pb_code _builder_version=&#8221;4.27.0&#8243; _module_preset=&#8221;default&#8221; global_colors_info=&#8221;{}&#8221;]<\/p>\n<div class=\"sk-ww-linkedin-profile-post\" data-embed-id=\"25443084\"><\/div>\n<p><script src=\"https:\/\/widgets.sociablekit.com\/linkedin-profile-posts\/widget.js\" defer><\/script>[\/et_pb_code][\/et_pb_column][\/et_pb_row][\/et_pb_section]<\/p>\n","protected":false},"excerpt":{"rendered":"<p>Twoja pasja, nasz\u0105 misj\u0105!<div class=\"et_pb_module dsm_gradient_text dsm_gradient_text_0 \">\n\t\t\t\t\n\t\t\t\t\n\t\t\t\t\n\t\t\t\t\n\t\t\t\t\n\t\t\t\t\n\t\t\t\t<div class=\"et_pb_module_inner\">\n\t\t\t\t\t<h1 class=\"dsm-gradient-text et_pb_module_header\">Blog<\/h1>\n\t\t\t\t<\/div>\n\t\t\t<\/div>Zanurz si\u0119 w \u015bwiat ramek i pami\u0105tek sportowych dzi\u0119ki naszemu blogowi eksperckiemu w D4S. Odkryj wnikliwe artyku\u0142y i porady ekspert\u00f3w dotycz\u0105ce ramek i pami\u0105tek sportowych, w tym wskaz\u00f3wki dotycz\u0105ce wyboru idealnych ramek sportowych, ochrony pami\u0105tek i ulepszania \u015brodowiska sportowego.<\/p>\n","protected":false},"author":1,"featured_media":0,"parent":0,"menu_order":0,"comment_status":"closed","ping_status":"closed","template":"","meta":{"_et_pb_use_builder":"on","_et_pb_old_content":"","_et_gb_content_width":"","footnotes":""},"folder":[],"class_list":["post-2027","page","type-page","status-publish","hentry"],"yoast_head":"<!-- This site is optimized with the Yoast SEO plugin v23.6 - https:\/\/yoast.com\/wordpress\/plugins\/seo\/ -->\n<title>Blog - D4S<\/title>\n<meta name=\"description\" content=\"Odkryj porady ekspert\u00f3w, inspiruj\u0105ce historie i najnowsze trendy w dziedzinie ramek i pami\u0105tek sportowych. Sprawd\u017a nasz blog ju\u017c dzi\u015b!\" \/>\n<meta name=\"robots\" content=\"index, follow, max-snippet:-1, max-image-preview:large, max-video-preview:-1\" \/>\n<link rel=\"canonical\" href=\"https:\/\/d4s-store.com\/pl\/blog\/\" \/>\n<meta property=\"og:locale\" content=\"pl_PL\" \/>\n<meta property=\"og:type\" content=\"article\" \/>\n<meta property=\"og:title\" content=\"Blog - D4S\" \/>\n<meta property=\"og:description\" content=\"Odkryj porady ekspert\u00f3w, inspiruj\u0105ce historie i najnowsze trendy w dziedzinie ramek i pami\u0105tek sportowych. Sprawd\u017a nasz blog ju\u017c dzi\u015b!\" \/>\n<meta property=\"og:url\" content=\"https:\/\/d4s-store.com\/pl\/blog\/\" \/>\n<meta property=\"og:site_name\" content=\"D4S\" \/>\n<meta property=\"article:modified_time\" content=\"2024-09-20T13:00:08+00:00\" \/>\n<meta name=\"twitter:card\" content=\"summary_large_image\" \/>\n<meta name=\"twitter:label1\" content=\"Szacowany czas czytania\" \/>\n\t<meta name=\"twitter:data1\" content=\"1 minuta\" \/>\n<script type=\"application\/ld+json\" class=\"yoast-schema-graph\">{\"@context\":\"https:\/\/schema.org\",\"@graph\":[{\"@type\":\"WebPage\",\"@id\":\"https:\/\/d4s-store.com\/pl\/blog\/\",\"url\":\"https:\/\/d4s-store.com\/pl\/blog\/\",\"name\":\"Blog - D4S\",\"isPartOf\":{\"@id\":\"https:\/\/d4s-store.com\/#website\"},\"datePublished\":\"2024-05-27T11:49:06+00:00\",\"dateModified\":\"2024-09-20T13:00:08+00:00\",\"description\":\"Odkryj porady ekspert\u00f3w, inspiruj\u0105ce historie i najnowsze trendy w dziedzinie ramek i pami\u0105tek sportowych. Sprawd\u017a nasz blog ju\u017c dzi\u015b!\",\"breadcrumb\":{\"@id\":\"https:\/\/d4s-store.com\/pl\/blog\/#breadcrumb\"},\"inLanguage\":\"pl-PL\",\"potentialAction\":[{\"@type\":\"ReadAction\",\"target\":[\"https:\/\/d4s-store.com\/pl\/blog\/\"]}]},{\"@type\":\"BreadcrumbList\",\"@id\":\"https:\/\/d4s-store.com\/pl\/blog\/#breadcrumb\",\"itemListElement\":[{\"@type\":\"ListItem\",\"position\":1,\"name\":\"Home\",\"item\":\"https:\/\/d4s-store.com\/\"},{\"@type\":\"ListItem\",\"position\":2,\"name\":\"Blog\"}]},{\"@type\":\"WebSite\",\"@id\":\"https:\/\/d4s-store.com\/#website\",\"url\":\"https:\/\/d4s-store.com\/\",\"name\":\"D4S\",\"description\":\"Designed For Sport\",\"potentialAction\":[{\"@type\":\"SearchAction\",\"target\":{\"@type\":\"EntryPoint\",\"urlTemplate\":\"https:\/\/d4s-store.com\/?s={search_term_string}\"},\"query-input\":{\"@type\":\"PropertyValueSpecification\",\"valueRequired\":true,\"valueName\":\"search_term_string\"}}],\"inLanguage\":\"pl-PL\"}]}<\/script>\n<!-- \/ Yoast SEO plugin. -->","yoast_head_json":{"title":"Blog - D4S","description":"Odkryj porady ekspert\u00f3w, inspiruj\u0105ce historie i najnowsze trendy w dziedzinie ramek i pami\u0105tek sportowych. Sprawd\u017a nasz blog ju\u017c dzi\u015b!","robots":{"index":"index","follow":"follow","max-snippet":"max-snippet:-1","max-image-preview":"max-image-preview:large","max-video-preview":"max-video-preview:-1"},"canonical":"https:\/\/d4s-store.com\/pl\/blog\/","og_locale":"pl_PL","og_type":"article","og_title":"Blog - D4S","og_description":"Odkryj porady ekspert\u00f3w, inspiruj\u0105ce historie i najnowsze trendy w dziedzinie ramek i pami\u0105tek sportowych. Sprawd\u017a nasz blog ju\u017c dzi\u015b!","og_url":"https:\/\/d4s-store.com\/pl\/blog\/","og_site_name":"D4S","article_modified_time":"2024-09-20T13:00:08+00:00","twitter_card":"summary_large_image","twitter_misc":{"Szacowany czas czytania":"1 minuta"},"schema":{"@context":"https:\/\/schema.org","@graph":[{"@type":"WebPage","@id":"https:\/\/d4s-store.com\/pl\/blog\/","url":"https:\/\/d4s-store.com\/pl\/blog\/","name":"Blog - D4S","isPartOf":{"@id":"https:\/\/d4s-store.com\/#website"},"datePublished":"2024-05-27T11:49:06+00:00","dateModified":"2024-09-20T13:00:08+00:00","description":"Odkryj porady ekspert\u00f3w, inspiruj\u0105ce historie i najnowsze trendy w dziedzinie ramek i pami\u0105tek sportowych. Sprawd\u017a nasz blog ju\u017c dzi\u015b!","breadcrumb":{"@id":"https:\/\/d4s-store.com\/pl\/blog\/#breadcrumb"},"inLanguage":"pl-PL","potentialAction":[{"@type":"ReadAction","target":["https:\/\/d4s-store.com\/pl\/blog\/"]}]},{"@type":"BreadcrumbList","@id":"https:\/\/d4s-store.com\/pl\/blog\/#breadcrumb","itemListElement":[{"@type":"ListItem","position":1,"name":"Home","item":"https:\/\/d4s-store.com\/"},{"@type":"ListItem","position":2,"name":"Blog"}]},{"@type":"WebSite","@id":"https:\/\/d4s-store.com\/#website","url":"https:\/\/d4s-store.com\/","name":"D4S","description":"Designed For Sport","potentialAction":[{"@type":"SearchAction","target":{"@type":"EntryPoint","urlTemplate":"https:\/\/d4s-store.com\/?s={search_term_string}"},"query-input":{"@type":"PropertyValueSpecification","valueRequired":true,"valueName":"search_term_string"}}],"inLanguage":"pl-PL"}]}},"_links":{"self":[{"href":"https:\/\/d4s-store.com\/pl\/wp-json\/wp\/v2\/pages\/2027"}],"collection":[{"href":"https:\/\/d4s-store.com\/pl\/wp-json\/wp\/v2\/pages"}],"about":[{"href":"https:\/\/d4s-store.com\/pl\/wp-json\/wp\/v2\/types\/page"}],"author":[{"embeddable":true,"href":"https:\/\/d4s-store.com\/pl\/wp-json\/wp\/v2\/users\/1"}],"replies":[{"embeddable":true,"href":"https:\/\/d4s-store.com\/pl\/wp-json\/wp\/v2\/comments?post=2027"}],"version-history":[{"count":1,"href":"https:\/\/d4s-store.com\/pl\/wp-json\/wp\/v2\/pages\/2027\/revisions"}],"predecessor-version":[{"id":2032,"href":"https:\/\/d4s-store.com\/pl\/wp-json\/wp\/v2\/pages\/2027\/revisions\/2032"}],"wp:attachment":[{"href":"https:\/\/d4s-store.com\/pl\/wp-json\/wp\/v2\/media?parent=2027"}],"wp:term":[{"taxonomy":"folder","embeddable":true,"href":"https:\/\/d4s-store.com\/pl\/wp-json\/wp\/v2\/folder?post=2027"}],"curies":[{"name":"wp","href":"https:\/\/api.w.org\/{rel}","templated":true}]}}