{"id":2054,"date":"2024-05-27T13:06:25","date_gmt":"2024-05-27T12:06:25","guid":{"rendered":"https:\/\/d4s-store.com\/prywatnosc-i-pliki-cookie\/"},"modified":"2024-09-20T14:00:10","modified_gmt":"2024-09-20T13:00:10","slug":"prywatnosc-i-pliki-cookie","status":"publish","type":"page","link":"https:\/\/d4s-store.com\/pl\/prywatnosc-i-pliki-cookie\/","title":{"rendered":"Prywatno\u015b\u0107 i pliki cookie"},"content":{"rendered":"<p>[et_pb_section fb_built=&#8221;1&#8243; _builder_version=&#8221;4.16&#8243; custom_padding=&#8221;||12px|||&#8221; global_colors_info=&#8221;{}&#8221;][et_pb_row _builder_version=&#8221;4.16&#8243; background_size=&#8221;initial&#8221; background_position=&#8221;top_left&#8221; background_repeat=&#8221;repeat&#8221; global_colors_info=&#8221;{}&#8221;][et_pb_column type=&#8221;4_4&#8243; _builder_version=&#8221;4.16&#8243; custom_padding=&#8221;|||&#8221; global_colors_info=&#8221;{}&#8221; custom_padding__hover=&#8221;|||&#8221;][et_pb_text _builder_version=&#8221;4.27.0&#8243; _module_preset=&#8221;default&#8221; hover_enabled=&#8221;0&#8243; global_colors_info=&#8221;{}&#8221; sticky_enabled=&#8221;0&#8243;]<\/p>\n<p><strong>Polityka prywatno\u015bci i plik\u00f3w cookies<\/strong><br \/>Polityka prywatno\u015bci opisuje zasady przetwarzania informacji o u\u017cytkowniku, w tym danych osobowych oraz plik\u00f3w cookies, czyli tzw. ciasteczek.<\/p>\n<p><strong>1. Informacje og\u00f3lne<\/strong><br \/>Niniejsza Polityka dotyczy Serwisu www, funkcjonuj\u0105cego pod adresem URL: <strong>d4s-store.com<\/strong>.<br \/>Operatorem Serwisu i Administratorem danych osobowych jest:  <strong>D4S Sp.<br \/>\nz o.o., Ul.<br \/>\n\u0141ubinowa 20\/8, 55-080 Smolec  <\/strong>.<br \/>Kontaktowy adres e-mail operatora: <strong><a rel=\"noopener\">info@d4s-store.com<\/a><\/strong>.<br \/>Operator jest Administratorem Twoich danych osobowych w odniesieniu do danych podanych dobrowolnie w Serwisie.<br \/>Serwis wykorzystuje dane osobowe w nast\u0119puj\u0105cych celach:<\/p>\n<ul>\n<li>Prowadzenie newslettera<\/li>\n<li>Obs\u0142uga systemu komentarzy<\/li>\n<li>Prowadzenie rozm\u00f3w na czacie online<\/li>\n<li>Obs\u0142uga zapyta\u0144 za po\u015brednictwem formularza<\/li>\n<li>Przygotowanie, pakowanie, wysy\u0142ka towar\u00f3w<\/li>\n<li>\u015awiadczenie zam\u00f3wionych us\u0142ug<\/li>\n<li>Przedstawienie oferty lub informacji<br \/>Serwis zbiera informacje o u\u017cytkownikach i ich zachowaniu w nast\u0119puj\u0105cy spos\u00f3b:<\/li>\n<li>Poprzez dobrowolnie wprowadzone dane w formularzach, kt\u00f3re s\u0105 wprowadzane do system\u00f3w operatora.<\/li>\n<li>Poprzez zapisywanie plik\u00f3w cookies na urz\u0105dzeniach u\u017cytkownika (tzw. &#8220;ciasteczka&#8221;).<\/li>\n<\/ul>\n<p><strong>2. Wybrane metody ochrony danych stosowane przez operatora<\/strong><\/p>\n<ul>\n<li>Miejsca logowania i wprowadzania danych osobowych s\u0105 chronione na poziomie transmisji (certyfikat SSL).<br \/>\nDzi\u0119ki temu dane osobowe i dane logowania wprowadzone na stronie s\u0105 szyfrowane na komputerze u\u017cytkownika i mog\u0105 by\u0107 odczytane tylko na serwerze docelowym. <\/li>\n<li>Dane osobowe przechowywane w bazie danych s\u0105 szyfrowane w taki spos\u00f3b, \u017ce tylko operator posiadaj\u0105cy klucz mo\u017ce je odczyta\u0107.<br \/>\nZapewnia to ochron\u0119 danych w przypadku kradzie\u017cy bazy danych z serwera. <\/li>\n<li>Aby chroni\u0107 dane, operator regularnie tworzy kopie zapasowe.<\/li>\n<\/ul>\n<p><strong>3. Hosting<\/strong><br \/>Serwis jest hostowany (technicznie utrzymywany) na serwerach operatora: <strong>lh.pl<\/strong>.<br \/>W celu zapewnienia technicznej niezawodno\u015bci dzia\u0142ania, firma hostingowa prowadzi logi na poziomie serwera.<br \/>\nLogi mog\u0105 zawiera\u0107: <\/p>\n<ul>\n<li>Zasoby okre\u015blone przez identyfikator URL (adresy \u017c\u0105danych zasob\u00f3w &#8211; stron, plik\u00f3w)<\/li>\n<li>Czas nadej\u015bcia \u017c\u0105dania<\/li>\n<li>Czas wys\u0142ania odpowiedzi<\/li>\n<li>Nazwa stacji klienta &#8211; identyfikacja realizowana przez protok\u00f3\u0142 HTTP<\/li>\n<li>Informacje o b\u0142\u0119dach, kt\u00f3re wyst\u0105pi\u0142y podczas wykonywania transakcji HTTP<\/li>\n<li>adres URL strony poprzednio odwiedzanej przez u\u017cytkownika (referer link) &#8211; w przypadku gdy przej\u015bcie do serwisu nast\u0105pi\u0142o przez odno\u015bnik<\/li>\n<li>Informacje o przegl\u0105darce u\u017cytkownika<\/li>\n<li>Informacje o adresie IP<\/li>\n<li>Informacje diagnostyczne zwi\u0105zane z procesem samodzielnego zamawiania us\u0142ug za po\u015brednictwem rejestrator\u00f3w na stronie.<\/li>\n<li>Informacje zwi\u0105zane z obs\u0142ug\u0105 wiadomo\u015bci e-mail wysy\u0142anych do i od operatora.<\/li>\n<\/ul>\n<p><strong>4. Twoje prawa i dodatkowe informacje o sposobie wykorzystania danych<\/strong><br \/>W niekt\u00f3rych sytuacjach Administrator ma prawo przekazywa\u0107 Twoje dane osobowe innym odbiorcom, je\u015bli b\u0119dzie to niezb\u0119dne do wykonania zawartej z Tob\u0105 umowy lub do wywi\u0105zania si\u0119 z obowi\u0105zk\u00f3w na\u0142o\u017conych na Administratora.<br \/>\nDotyczy to nast\u0119puj\u0105cych grup odbiorc\u00f3w: <\/p>\n<ul>\n<li>Kurierzy<\/li>\n<li>Operatorzy pocztowi<\/li>\n<li>Operatorzy p\u0142atno\u015bci<\/li>\n<li>Upowa\u017cnieni pracownicy i wsp\u00f3\u0142pracownicy, kt\u00f3rzy wykorzystuj\u0105 dane do realizacji celu dzia\u0142ania strony internetowej<\/li>\n<li>Firmy \u015bwiadcz\u0105ce us\u0142ugi marketingowe na rzecz Administratora<br \/>Pani\/Pana dane osobowe przetwarzane przez Administratora nie b\u0119d\u0105 przetwarzane d\u0142u\u017cej ni\u017c jest to niezb\u0119dne do wykonania zwi\u0105zanych z nimi czynno\u015bci okre\u015blonych odr\u0119bnymi przepisami (np. przepisami o rachunkowo\u015bci).<br \/>\nW przypadku danych marketingowych dane nie b\u0119d\u0105 przetwarzane d\u0142u\u017cej ni\u017c 3 lata.<br \/>Przys\u0142uguje Pani\/Panu prawo do \u017c\u0105dania od Administratora: <\/li>\n<li>Dost\u0119p do danych osobowych<\/li>\n<li>Ich korekta<\/li>\n<li>Ich usuni\u0119cie<\/li>\n<li>Ograniczenie przetwarzania<\/li>\n<li>Przenoszenie danych<br \/>Przys\u0142uguje Pani\/Panu prawo wniesienia sprzeciwu wobec przetwarzania opisanego w pkt 3.2 w zakresie przetwarzania danych osobowych w celu wykonania prawnie uzasadnionych interes\u00f3w realizowanych przez Administratora, w tym profilowania, przy czym sprzeciw nie b\u0119dzie m\u00f3g\u0142 by\u0107 wykonany w przypadku istnienia prawnie uzasadnionych podstaw do przetwarzania, nadrz\u0119dnych wobec Pani\/Pana interes\u00f3w, praw i wolno\u015bci, w szczeg\u00f3lno\u015bci ustalenia, dochodzenia lub obrony roszcze\u0144.<br \/>Na dzia\u0142ania Administratora przys\u0142uguje skarga do Prezesa Urz\u0119du Ochrony Danych Osobowych,  <strong>ul.<br \/>\nStawki 2, 00-193 Warszawa <\/strong>.<br \/>Podanie danych osobowych jest dobrowolne, ale niezb\u0119dne do dzia\u0142ania serwisu.<br \/>W stosunku do Ciebie mog\u0105 by\u0107 podejmowane czynno\u015bci polegaj\u0105ce na zautomatyzowanym podejmowaniu decyzji, w tym profilowaniu, w celu \u015bwiadczenia us\u0142ug w ramach zawartej umowy oraz w celu marketingu bezpo\u015bredniego Administratora.<br \/>Dane osobowe s\u0105 przekazywane do pa\u0144stw trzecich w rozumieniu przepis\u00f3w o ochronie danych osobowych.<br \/>\nOznacza to, \u017ce przesy\u0142amy je poza obszar Unii Europejskiej. <\/li>\n<\/ul>\n<p><strong>5. Informacje zawarte w formularzach<\/strong><br \/>Serwis zbiera informacje podane dobrowolnie przez u\u017cytkownika, w tym dane osobowe, o ile zostan\u0105 one podane.<br \/>Serwis mo\u017ce zapisa\u0107 informacje o parametrach po\u0142\u0105czenia (oznaczenie czasu, adres IP).<br \/>W niekt\u00f3rych wypadkach serwis mo\u017ce zapisa\u0107 informacj\u0119 u\u0142atwiaj\u0105c\u0105 powi\u0105zanie danych w formularzu z adresem e-mail u\u017cytkownika wype\u0142niaj\u0105cego formularz.<br \/>\nW takim przypadku adres e-mail u\u017cytkownika pojawia si\u0119 wewn\u0105trz adresu URL strony zawieraj\u0105cej formularz.<br \/>Dane podane w formularzu s\u0105 przetwarzane w celu wynikaj\u0105cym z funkcji konkretnego formularza, np. w celu dokonania procesu obs\u0142ugi zg\u0142oszenia serwisowego lub kontaktu handlowego, rejestracji us\u0142ug itp.<br \/>\nKa\u017cdorazowo kontekst i opis formularza w czytelny spos\u00f3b informuje, do czego on s\u0142u\u017cy.  <\/p>\n<p><strong>6. Logi administratora<\/strong><br \/>Informacje o zachowaniu u\u017cytkownika na stronie mog\u0105 podlega\u0107 logowaniu.<br \/>\nDane te s\u0105 wykorzystywane do administrowania stron\u0105. <\/p>\n<p><strong>7. Wa\u017cne techniki marketingowe<\/strong><\/p>\n<ul>\n<li>Operator korzysta ze statystycznej analizy ruchu na stronie za po\u015brednictwem <strong>Google Analytics<\/strong> (Google Inc. z siedzib\u0105 w USA).<br \/>\nOperator nie przekazuje operatorowi tej us\u0142ugi danych osobowych, a jedynie zanonimizowane informacje.<br \/>\nUs\u0142uga opiera si\u0119 na wykorzystaniu plik\u00f3w cookies na urz\u0105dzeniu ko\u0144cowym u\u017cytkownika.<br \/>\nW zakresie informacji o preferencjach u\u017cytkownika gromadzonych przez sie\u0107 reklamow\u0105 Google u\u017cytkownik mo\u017ce przegl\u0105da\u0107 i edytowa\u0107 informacje wynikaj\u0105ce z plik\u00f3w cookies przy pomocy narz\u0119dzia: <strong><a rel=\"noopener\" target=\"_new\" href=\"https:\/\/www.google.com\/ads\/preferences\/\">https:\/\/www.google.com\/ads\/preferences\/<\/a><\/strong>.   <\/li>\n<li>Operator korzysta z technik remarketingowych, kt\u00f3re umo\u017cliwiaj\u0105 dostosowanie komunikat\u00f3w reklamowych do zachowania u\u017cytkownika na stronie, co mo\u017ce dawa\u0107 z\u0142udzenie, \u017ce dane osobowe u\u017cytkownika s\u0105 wykorzystywane do \u015bledzenia, ale w praktyce \u017cadne dane osobowe nie s\u0105 przekazywane od operatora do operator\u00f3w reklamowych.<br \/>\nWarunkiem technicznym takich dzia\u0142a\u0144 jest w\u0142\u0105czona obs\u0142uga plik\u00f3w cookie. <\/li>\n<li>Operator korzysta z technologii <strong>Facebook Pixel<\/strong>.<br \/>\nTechnologia ta sprawia, \u017ce serwis <strong>Meta Platforms Ireland Limited<\/strong> (Facebook Inc. z siedzib\u0105 w USA) wie, \u017ce dana osoba tam zarejestrowana korzysta z serwisu.<br \/>\nW tym przypadku bazuje ona na danych, kt\u00f3rych jest administratorem, a operator nie przekazuje \u017cadnych dodatkowych danych osobowych od siebie do serwisu Meta.<br \/>\nUs\u0142uga opiera si\u0119 na wykorzystaniu plik\u00f3w cookies na urz\u0105dzeniu ko\u0144cowym u\u017cytkownika.   <\/li>\n<li>Operator korzysta z rozwi\u0105zania, kt\u00f3re bada zachowanie u\u017cytkownik\u00f3w, tworz\u0105c mapy cieplne i rejestruj\u0105c zachowanie u\u017cytkownik\u00f3w na stronie.<br \/>\nInformacje te s\u0105 anonimizowane przed wys\u0142aniem do operatora serwisu, wi\u0119c nie wie on, z kt\u00f3r\u0105 osob\u0105 fizyczn\u0105 s\u0105 powi\u0105zane.<br \/>\nHas\u0142a i inne dane osobowe nie s\u0105 rejestrowane.  <\/li>\n<li>Operator stosuje rozwi\u0105zanie automatyzuj\u0105ce dzia\u0142anie serwisu dotycz\u0105ce u\u017cytkownik\u00f3w, np. wysy\u0142aj\u0105c wiadomo\u015b\u0107 e-mail do u\u017cytkownika po odwiedzeniu okre\u015blonej podstrony, o ile u\u017cytkownik wyrazi\u0142 zgod\u0119 na otrzymywanie korespondencji handlowej od operatora.<\/li>\n<\/ul>\n<p><strong>8. Informacje o plikach cookies<\/strong><br \/>Serwis wykorzystuje pliki cookies.<br \/>Pliki cookies (tzw. &#8220;ciasteczka&#8221;) stanowi\u0105 dane informatyczne, w szczeg\u00f3lno\u015bci pliki tekstowe, kt\u00f3re przechowywane s\u0105 w urz\u0105dzeniu ko\u0144cowym U\u017cytkownika Serwisu i przeznaczone s\u0105 do korzystania ze stron internetowych Serwisu.<br \/>\nCookies zazwyczaj zawieraj\u0105 nazw\u0119 strony internetowej, z kt\u00f3rej pochodz\u0105, czas przechowywania ich na urz\u0105dzeniu ko\u0144cowym oraz unikalny numer.<br \/>Podmiotem zamieszczaj\u0105cym na urz\u0105dzeniu ko\u0144cowym u\u017cytkownika serwisu pliki cookies oraz uzyskuj\u0105cym do nich dost\u0119p jest operator serwisu.<br \/>Pliki cookies wykorzystywane s\u0105 w nast\u0119puj\u0105cych celach: <\/p>\n<ul>\n<li>Utrzymanie sesji u\u017cytkownika serwisu (po zalogowaniu), dzi\u0119ki kt\u00f3rej u\u017cytkownik nie musi na ka\u017cdej podstronie serwisu ponownie wpisywa\u0107 loginu i has\u0142a;<\/li>\n<li>realizacji cel\u00f3w opisanych powy\u017cej w sekcji &#8220;Wa\u017cne techniki marketingowe&#8221;;<br \/>W ramach Serwisu stosowane s\u0105 dwa zasadnicze rodzaje plik\u00f3w cookies: &#8220;sesyjne&#8221; (session cookies) oraz &#8220;sta\u0142e&#8221; (persistent cookies).<br \/>\nCookies &#8220;sesyjne&#8221; s\u0105 plikami tymczasowymi, kt\u00f3re przechowywane s\u0105 w urz\u0105dzeniu ko\u0144cowym U\u017cytkownika do czasu wylogowania, opuszczenia strony internetowej lub wy\u0142\u0105czenia oprogramowania (przegl\u0105darki internetowej).<br \/>\n&#8220;Sta\u0142e&#8221; pliki cookies przechowywane s\u0105 w urz\u0105dzeniu ko\u0144cowym U\u017cytkownika przez czas okre\u015blony w parametrach plik\u00f3w cookies lub do czasu ich usuni\u0119cia przez U\u017cytkownika.<br \/>Oprogramowanie do przegl\u0105dania stron internetowych (przegl\u0105darka internetowa) zazwyczaj domy\u015blnie dopuszcza przechowywanie plik\u00f3w cookies w urz\u0105dzeniu ko\u0144cowym U\u017cytkownika.<br \/>\nU\u017cytkownicy serwisu mog\u0105 dokona\u0107 zmiany ustawie\u0144 w tym zakresie.<br \/>\nPrzegl\u0105darka internetowa umo\u017cliwia usuni\u0119cie plik\u00f3w cookies.<br \/>\nMo\u017cliwe jest tak\u017ce automatyczne blokowanie plik\u00f3w cookies.<br \/>\nSzczeg\u00f3\u0142owe informacje na ten temat zawiera pomoc lub dokumentacja przegl\u0105darki internetowej.<br \/>Ograniczenia stosowania plik\u00f3w cookies mog\u0105 wp\u0142yn\u0105\u0107 na niekt\u00f3re funkcjonalno\u015bci dost\u0119pne na stronach internetowych Serwisu.<br \/>Pliki cookies zamieszczane w urz\u0105dzeniu ko\u0144cowym U\u017cytkownika Serwisu i wykorzystywane mog\u0105 by\u0107 r\u00f3wnie\u017c przez wsp\u00f3\u0142pracuj\u0105ce z operatorem Serwisu podmioty, w szczeg\u00f3lno\u015bci dotyczy to:      <\/li>\n<li><strong>Google Ireland Limited<\/strong> dla us\u0142ug <strong>Google Ads<\/strong> i <strong>Google Analytics<\/strong>;<\/li>\n<li><strong>Meta Platforms Ireland Limited<\/strong> dla us\u0142ug <strong>Facebook<\/strong> i <strong>Instagram<\/strong>.<\/li>\n<\/ul>\n<p><strong>9. Zarz\u0105dzanie plikami cookies &#8211; jak wyrazi\u0107 i wycofa\u0107 zgod\u0119 w praktyce?<\/strong><br \/>Je\u017celi u\u017cytkownik nie chce otrzymywa\u0107 plik\u00f3w cookies, mo\u017ce zmieni\u0107 ustawienia przegl\u0105darki.<br \/>\nZastrzegamy, \u017ce wy\u0142\u0105czenie obs\u0142ugi plik\u00f3w cookies niezb\u0119dnych dla proces\u00f3w uwierzytelniania, bezpiecze\u0144stwa, utrzymania preferencji u\u017cytkownika mo\u017ce utrudni\u0107, a w skrajnych przypadkach mo\u017ce uniemo\u017cliwi\u0107 korzystanie ze stron www<br \/>W celu zarz\u0105dzania ustawieniami cookies wybierz z listy poni\u017cej przegl\u0105dark\u0119 internetow\u0105, kt\u00f3rej u\u017cywasz i post\u0119puj zgodnie z instrukcjami: <\/p>\n<ul>\n<li>Kraw\u0119d\u017a<\/li>\n<li>Internet Explorer<\/li>\n<li>Chrom<\/li>\n<li>Safari<\/li>\n<li>Firefox<\/li>\n<li>Opera<br \/>Urz\u0105dzenia mobilne:<\/li>\n<li>Android<\/li>\n<li>Safari (iOS)<\/li>\n<li>Windows Phone<\/li>\n<\/ul>\n<p>[\/et_pb_text][\/et_pb_column][\/et_pb_row][\/et_pb_section]<\/p>\n","protected":false},"excerpt":{"rendered":"<p>Polityka prywatno\u015bci i plik\u00f3w cookiesPolityka prywatno\u015bci opisuje zasady przetwarzania informacji o u\u017cytkowniku, w tym danych osobowych oraz plik\u00f3w cookies, czyli tzw. ciasteczek. 1. Informacje og\u00f3lneNiniejsza Polityka dotyczy Serwisu www, funkcjonuj\u0105cego pod adresem URL: d4s-store.com.Operatorem Serwisu i Administratorem danych osobowych jest: D4S Sp. z o.o., Ul. \u0141ubinowa 20\/8, 55-080 Smolec .Kontaktowy adres e-mail operatora: info@d4s-store.com.Operator jest [&hellip;]<\/p>\n","protected":false},"author":1,"featured_media":0,"parent":0,"menu_order":0,"comment_status":"closed","ping_status":"closed","template":"","meta":{"_et_pb_use_builder":"on","_et_pb_old_content":"","_et_gb_content_width":"","footnotes":""},"folder":[18],"class_list":["post-2054","page","type-page","status-publish","hentry"],"yoast_head":"<!-- This site is optimized with the Yoast SEO plugin v23.6 - https:\/\/yoast.com\/wordpress\/plugins\/seo\/ -->\n<title>Prywatno\u015b\u0107 i pliki cookie - D4S<\/title>\n<meta name=\"description\" content=\"Przeczytaj nasz\u0105 Polityk\u0119 prywatno\u015bci, kt\u00f3ra chroni Twoje dane osobowe. Dowiedz si\u0119, jak dbamy o Twoj\u0105 prywatno\u015b\u0107.\" \/>\n<meta name=\"robots\" content=\"index, follow, max-snippet:-1, max-image-preview:large, max-video-preview:-1\" \/>\n<link rel=\"canonical\" href=\"https:\/\/d4s-store.com\/pl\/prywatnosc-i-pliki-cookie\/\" \/>\n<meta property=\"og:locale\" content=\"pl_PL\" \/>\n<meta property=\"og:type\" content=\"article\" \/>\n<meta property=\"og:title\" content=\"Prywatno\u015b\u0107 i pliki cookie - D4S\" \/>\n<meta property=\"og:description\" content=\"Przeczytaj nasz\u0105 Polityk\u0119 prywatno\u015bci, kt\u00f3ra chroni Twoje dane osobowe. Dowiedz si\u0119, jak dbamy o Twoj\u0105 prywatno\u015b\u0107.\" \/>\n<meta property=\"og:url\" content=\"https:\/\/d4s-store.com\/pl\/prywatnosc-i-pliki-cookie\/\" \/>\n<meta property=\"og:site_name\" content=\"D4S\" \/>\n<meta property=\"article:modified_time\" content=\"2024-09-20T13:00:10+00:00\" \/>\n<meta name=\"twitter:card\" content=\"summary_large_image\" \/>\n<meta name=\"twitter:label1\" content=\"Szacowany czas czytania\" \/>\n\t<meta name=\"twitter:data1\" content=\"8 minut\" \/>\n<script type=\"application\/ld+json\" class=\"yoast-schema-graph\">{\"@context\":\"https:\/\/schema.org\",\"@graph\":[{\"@type\":\"WebPage\",\"@id\":\"https:\/\/d4s-store.com\/pl\/prywatnosc-i-pliki-cookie\/\",\"url\":\"https:\/\/d4s-store.com\/pl\/prywatnosc-i-pliki-cookie\/\",\"name\":\"Prywatno\u015b\u0107 i pliki cookie - D4S\",\"isPartOf\":{\"@id\":\"https:\/\/d4s-store.com\/#website\"},\"datePublished\":\"2024-05-27T12:06:25+00:00\",\"dateModified\":\"2024-09-20T13:00:10+00:00\",\"description\":\"Przeczytaj nasz\u0105 Polityk\u0119 prywatno\u015bci, kt\u00f3ra chroni Twoje dane osobowe. Dowiedz si\u0119, jak dbamy o Twoj\u0105 prywatno\u015b\u0107.\",\"breadcrumb\":{\"@id\":\"https:\/\/d4s-store.com\/pl\/prywatnosc-i-pliki-cookie\/#breadcrumb\"},\"inLanguage\":\"pl-PL\",\"potentialAction\":[{\"@type\":\"ReadAction\",\"target\":[\"https:\/\/d4s-store.com\/pl\/prywatnosc-i-pliki-cookie\/\"]}]},{\"@type\":\"BreadcrumbList\",\"@id\":\"https:\/\/d4s-store.com\/pl\/prywatnosc-i-pliki-cookie\/#breadcrumb\",\"itemListElement\":[{\"@type\":\"ListItem\",\"position\":1,\"name\":\"Home\",\"item\":\"https:\/\/d4s-store.com\/\"},{\"@type\":\"ListItem\",\"position\":2,\"name\":\"Prywatno\u015b\u0107 i pliki cookie\"}]},{\"@type\":\"WebSite\",\"@id\":\"https:\/\/d4s-store.com\/#website\",\"url\":\"https:\/\/d4s-store.com\/\",\"name\":\"D4S\",\"description\":\"Designed For Sport\",\"potentialAction\":[{\"@type\":\"SearchAction\",\"target\":{\"@type\":\"EntryPoint\",\"urlTemplate\":\"https:\/\/d4s-store.com\/?s={search_term_string}\"},\"query-input\":{\"@type\":\"PropertyValueSpecification\",\"valueRequired\":true,\"valueName\":\"search_term_string\"}}],\"inLanguage\":\"pl-PL\"}]}<\/script>\n<!-- \/ Yoast SEO plugin. -->","yoast_head_json":{"title":"Prywatno\u015b\u0107 i pliki cookie - D4S","description":"Przeczytaj nasz\u0105 Polityk\u0119 prywatno\u015bci, kt\u00f3ra chroni Twoje dane osobowe. Dowiedz si\u0119, jak dbamy o Twoj\u0105 prywatno\u015b\u0107.","robots":{"index":"index","follow":"follow","max-snippet":"max-snippet:-1","max-image-preview":"max-image-preview:large","max-video-preview":"max-video-preview:-1"},"canonical":"https:\/\/d4s-store.com\/pl\/prywatnosc-i-pliki-cookie\/","og_locale":"pl_PL","og_type":"article","og_title":"Prywatno\u015b\u0107 i pliki cookie - D4S","og_description":"Przeczytaj nasz\u0105 Polityk\u0119 prywatno\u015bci, kt\u00f3ra chroni Twoje dane osobowe. Dowiedz si\u0119, jak dbamy o Twoj\u0105 prywatno\u015b\u0107.","og_url":"https:\/\/d4s-store.com\/pl\/prywatnosc-i-pliki-cookie\/","og_site_name":"D4S","article_modified_time":"2024-09-20T13:00:10+00:00","twitter_card":"summary_large_image","twitter_misc":{"Szacowany czas czytania":"8 minut"},"schema":{"@context":"https:\/\/schema.org","@graph":[{"@type":"WebPage","@id":"https:\/\/d4s-store.com\/pl\/prywatnosc-i-pliki-cookie\/","url":"https:\/\/d4s-store.com\/pl\/prywatnosc-i-pliki-cookie\/","name":"Prywatno\u015b\u0107 i pliki cookie - D4S","isPartOf":{"@id":"https:\/\/d4s-store.com\/#website"},"datePublished":"2024-05-27T12:06:25+00:00","dateModified":"2024-09-20T13:00:10+00:00","description":"Przeczytaj nasz\u0105 Polityk\u0119 prywatno\u015bci, kt\u00f3ra chroni Twoje dane osobowe. Dowiedz si\u0119, jak dbamy o Twoj\u0105 prywatno\u015b\u0107.","breadcrumb":{"@id":"https:\/\/d4s-store.com\/pl\/prywatnosc-i-pliki-cookie\/#breadcrumb"},"inLanguage":"pl-PL","potentialAction":[{"@type":"ReadAction","target":["https:\/\/d4s-store.com\/pl\/prywatnosc-i-pliki-cookie\/"]}]},{"@type":"BreadcrumbList","@id":"https:\/\/d4s-store.com\/pl\/prywatnosc-i-pliki-cookie\/#breadcrumb","itemListElement":[{"@type":"ListItem","position":1,"name":"Home","item":"https:\/\/d4s-store.com\/"},{"@type":"ListItem","position":2,"name":"Prywatno\u015b\u0107 i pliki cookie"}]},{"@type":"WebSite","@id":"https:\/\/d4s-store.com\/#website","url":"https:\/\/d4s-store.com\/","name":"D4S","description":"Designed For Sport","potentialAction":[{"@type":"SearchAction","target":{"@type":"EntryPoint","urlTemplate":"https:\/\/d4s-store.com\/?s={search_term_string}"},"query-input":{"@type":"PropertyValueSpecification","valueRequired":true,"valueName":"search_term_string"}}],"inLanguage":"pl-PL"}]}},"_links":{"self":[{"href":"https:\/\/d4s-store.com\/pl\/wp-json\/wp\/v2\/pages\/2054"}],"collection":[{"href":"https:\/\/d4s-store.com\/pl\/wp-json\/wp\/v2\/pages"}],"about":[{"href":"https:\/\/d4s-store.com\/pl\/wp-json\/wp\/v2\/types\/page"}],"author":[{"embeddable":true,"href":"https:\/\/d4s-store.com\/pl\/wp-json\/wp\/v2\/users\/1"}],"replies":[{"embeddable":true,"href":"https:\/\/d4s-store.com\/pl\/wp-json\/wp\/v2\/comments?post=2054"}],"version-history":[{"count":1,"href":"https:\/\/d4s-store.com\/pl\/wp-json\/wp\/v2\/pages\/2054\/revisions"}],"predecessor-version":[{"id":2057,"href":"https:\/\/d4s-store.com\/pl\/wp-json\/wp\/v2\/pages\/2054\/revisions\/2057"}],"wp:attachment":[{"href":"https:\/\/d4s-store.com\/pl\/wp-json\/wp\/v2\/media?parent=2054"}],"wp:term":[{"taxonomy":"folder","embeddable":true,"href":"https:\/\/d4s-store.com\/pl\/wp-json\/wp\/v2\/folder?post=2054"}],"curies":[{"name":"wp","href":"https:\/\/api.w.org\/{rel}","templated":true}]}}